{"id":183193,"date":"2026-03-03T21:08:07","date_gmt":"2026-03-03T20:08:07","guid":{"rendered":"https:\/\/grupotextil.es\/producto\/sols-glory-women\/"},"modified":"2026-03-04T18:21:45","modified_gmt":"2026-03-04T17:21:45","slug":"sols-glory-women","status":"publish","type":"product","link":"https:\/\/grupotextil.es\/en\/product\/sols-glory-women\/","title":{"rendered":"SOL&#8217;S GLORY WOMEN"},"content":{"rendered":"<p><strong>Composici\u00f3n:<\/strong> Galga 12 &#8211; 70% viscosa &#8211; 30% poliamida<\/p>\n<p><strong>Caracter\u00edsticas:<\/strong> Cuello de pico<br \/>Corte ajustado<br \/>Pu\u00f1os y parte inferior con Canal\u00e9 1&#215;1 con el\u00e1stano para un ajuste perfecto<br \/>Sisas en tejido de punto<\/p>\n<p><strong>Tallas disponibles:<\/strong> M,XS,S,L,XXL,XL<\/p>\n<p><strong>Propiedades:<\/strong> twin<\/p>\n<p><strong>Cuidado:<\/strong> 30\u00b0 \u00b7 Planchar a baja temperatura \u00b7 No se puede usar lej\u00eda<\/p>\n<p><strong>G\u00e9nero:<\/strong> Mujer,Twin<\/p>","protected":false},"excerpt":{"rendered":"<p>JERSEY CUELLO PICO PARA MUJER<\/p>","protected":false},"featured_media":242898,"comment_status":"open","ping_status":"closed","template":"","meta":{"_acf_changed":false},"product_brand":[14013],"product_cat":[13974,13975,13973],"product_tag":[],"class_list":{"0":"post-183193","1":"product","2":"type-product","3":"status-publish","4":"has-post-thumbnail","6":"product_brand-sols","7":"product_cat-ropa-hombre","8":"product_cat-ropa-mujer","9":"product_cat-ropa","10":"tm-no-options","12":"first","13":"instock","14":"taxable","15":"shipping-taxable","16":"product-type-variable"},"acf":[],"_links":{"self":[{"href":"https:\/\/grupotextil.es\/en\/wp-json\/wp\/v2\/product\/183193","targetHints":{"allow":["GET"]}}],"collection":[{"href":"https:\/\/grupotextil.es\/en\/wp-json\/wp\/v2\/product"}],"about":[{"href":"https:\/\/grupotextil.es\/en\/wp-json\/wp\/v2\/types\/product"}],"replies":[{"embeddable":true,"href":"https:\/\/grupotextil.es\/en\/wp-json\/wp\/v2\/comments?post=183193"}],"wp:featuredmedia":[{"embeddable":true,"href":"https:\/\/grupotextil.es\/en\/wp-json\/wp\/v2\/media\/242898"}],"wp:attachment":[{"href":"https:\/\/grupotextil.es\/en\/wp-json\/wp\/v2\/media?parent=183193"}],"wp:term":[{"taxonomy":"product_brand","embeddable":true,"href":"https:\/\/grupotextil.es\/en\/wp-json\/wp\/v2\/product_brand?post=183193"},{"taxonomy":"product_cat","embeddable":true,"href":"https:\/\/grupotextil.es\/en\/wp-json\/wp\/v2\/product_cat?post=183193"},{"taxonomy":"product_tag","embeddable":true,"href":"https:\/\/grupotextil.es\/en\/wp-json\/wp\/v2\/product_tag?post=183193"}],"curies":[{"name":"wp","href":"https:\/\/api.w.org\/{rel}","templated":true}]}}