{"id":183739,"date":"2026-03-03T21:08:38","date_gmt":"2026-03-03T20:08:38","guid":{"rendered":"https:\/\/grupotextil.es\/producto\/sols-transformer\/"},"modified":"2026-03-04T18:46:23","modified_gmt":"2026-03-04T17:46:23","slug":"sols-transformer","status":"publish","type":"product","link":"https:\/\/grupotextil.es\/en\/product\/sols-transformer\/","title":{"rendered":"SOL&#8217;S TRANSFORMER"},"content":{"rendered":"<p><strong>Composici\u00f3n:<\/strong> 3 capas<br \/>Exterior: 94% poli\u00e9ster &#8211; 6% elastano. Interior de vell\u00f3n: 100% poli\u00e9ster<br \/>Parte interior: microfibra<br \/>Membrana TPU &#8211; 8000 mm membrana impermeable y transpirable<\/p>\n<p><strong>Caracter\u00edsticas:<\/strong> Unisex<br \/>Cremallera con cierre<br \/>3 bolsillos con cremallera<br \/>Mangas desmontables y capucha con visera<br \/>Cord\u00f3n en la capucha y en el bajo.<\/p>\n<p><strong>Tallas disponibles:<\/strong> 4XL,XL,M,5XL,XS,3XL,S,L,XXL<\/p>\n<p><strong>Propiedades:<\/strong> unisex, waterproof breathable, windproof, elasthanne, water repellent<\/p>\n<p><strong>Cuidado:<\/strong> 40\u00b0 \u00b7 Planchar a baja temperatura \u00b7 No se puede usar lej\u00eda<\/p>\n<p><strong>G\u00e9nero:<\/strong> Unisex,Hombre,Mujer<\/p>","protected":false},"excerpt":{"rendered":"<p>SOFTSHELL CON CAPUCHA Y MANGAS EXTRAIBLES<\/p>","protected":false},"featured_media":243447,"comment_status":"open","ping_status":"closed","template":"","meta":{"_acf_changed":false},"product_brand":[14013],"product_cat":[13974,13975,13973],"product_tag":[],"class_list":{"0":"post-183739","1":"product","2":"type-product","3":"status-publish","4":"has-post-thumbnail","6":"product_brand-sols","7":"product_cat-ropa-hombre","8":"product_cat-ropa-mujer","9":"product_cat-ropa","10":"tm-no-options","12":"first","13":"instock","14":"taxable","15":"shipping-taxable","16":"product-type-variable"},"acf":[],"_links":{"self":[{"href":"https:\/\/grupotextil.es\/en\/wp-json\/wp\/v2\/product\/183739","targetHints":{"allow":["GET"]}}],"collection":[{"href":"https:\/\/grupotextil.es\/en\/wp-json\/wp\/v2\/product"}],"about":[{"href":"https:\/\/grupotextil.es\/en\/wp-json\/wp\/v2\/types\/product"}],"replies":[{"embeddable":true,"href":"https:\/\/grupotextil.es\/en\/wp-json\/wp\/v2\/comments?post=183739"}],"wp:featuredmedia":[{"embeddable":true,"href":"https:\/\/grupotextil.es\/en\/wp-json\/wp\/v2\/media\/243447"}],"wp:attachment":[{"href":"https:\/\/grupotextil.es\/en\/wp-json\/wp\/v2\/media?parent=183739"}],"wp:term":[{"taxonomy":"product_brand","embeddable":true,"href":"https:\/\/grupotextil.es\/en\/wp-json\/wp\/v2\/product_brand?post=183739"},{"taxonomy":"product_cat","embeddable":true,"href":"https:\/\/grupotextil.es\/en\/wp-json\/wp\/v2\/product_cat?post=183739"},{"taxonomy":"product_tag","embeddable":true,"href":"https:\/\/grupotextil.es\/en\/wp-json\/wp\/v2\/product_tag?post=183739"}],"curies":[{"name":"wp","href":"https:\/\/api.w.org\/{rel}","templated":true}]}}