{"id":185746,"date":"2026-03-03T21:10:38","date_gmt":"2026-03-03T20:10:38","guid":{"rendered":"https:\/\/grupotextil.es\/producto\/rtp-apparel-tempo-145-men\/"},"modified":"2026-03-04T20:18:44","modified_gmt":"2026-03-04T19:18:44","slug":"rtp-apparel-tempo-145-men","status":"publish","type":"product","link":"https:\/\/grupotextil.es\/en\/product\/rtp-apparel-tempo-145-men\/","title":{"rendered":"RTP APPAREL TEMPO 145 MEN"},"content":{"rendered":"<p><strong>Composici\u00f3n:<\/strong> 100% algod\u00f3n biol\u00f3gico<br \/>Preprocesamiento para la impresi\u00f3n digital<\/p>\n<p><strong>Caracter\u00edsticas:<\/strong> Tubular<br \/>Cuello redondo acanalado y cinta interior para el cuello<br \/>Corte moderno<br \/>\u00c1rea de impresi\u00f3n frontal: 38 x 52 cm, para una camiseta de hombre de la talla L<br \/>El tama\u00f1o de esta \u00e1rea var\u00eda en funci\u00f3n del tama\u00f1o del producto (v\u00e9ase la tabla de tama\u00f1os de \u00e1reas de impresi\u00f3n)<br \/>Se venden en paquetes de 10 unidades del mismo color y tama\u00f1o<\/p>\n<p><strong>Tallas disponibles:<\/strong> S,3XL,XL,XXL,L,M<\/p>\n<p><strong>Propiedades:<\/strong> kids, soft touch, twin<\/p>\n<p><strong>Cuidado:<\/strong> 40\u00b0 \u00b7 Planchar a baja temperatura \u00b7 No se puede usar lej\u00eda<\/p>\n<p><strong>G\u00e9nero:<\/strong> Hombre,Twin,Familia<\/p>","protected":false},"excerpt":{"rendered":"<p>CAMISETA HOMBRE MANGA CORTA<\/p>","protected":false},"featured_media":245462,"comment_status":"open","ping_status":"closed","template":"","meta":{"_acf_changed":false},"product_brand":[14013],"product_cat":[13977,13974,13975,13973],"product_tag":[],"class_list":{"0":"post-185746","1":"product","2":"type-product","3":"status-publish","4":"has-post-thumbnail","6":"product_brand-sols","7":"product_cat-h-camisetas-manga-corta","8":"product_cat-ropa-hombre","9":"product_cat-ropa-mujer","10":"product_cat-ropa","11":"tm-no-options","13":"first","14":"instock","15":"taxable","16":"shipping-taxable","17":"product-type-variable"},"acf":[],"_links":{"self":[{"href":"https:\/\/grupotextil.es\/en\/wp-json\/wp\/v2\/product\/185746","targetHints":{"allow":["GET"]}}],"collection":[{"href":"https:\/\/grupotextil.es\/en\/wp-json\/wp\/v2\/product"}],"about":[{"href":"https:\/\/grupotextil.es\/en\/wp-json\/wp\/v2\/types\/product"}],"replies":[{"embeddable":true,"href":"https:\/\/grupotextil.es\/en\/wp-json\/wp\/v2\/comments?post=185746"}],"wp:featuredmedia":[{"embeddable":true,"href":"https:\/\/grupotextil.es\/en\/wp-json\/wp\/v2\/media\/245462"}],"wp:attachment":[{"href":"https:\/\/grupotextil.es\/en\/wp-json\/wp\/v2\/media?parent=185746"}],"wp:term":[{"taxonomy":"product_brand","embeddable":true,"href":"https:\/\/grupotextil.es\/en\/wp-json\/wp\/v2\/product_brand?post=185746"},{"taxonomy":"product_cat","embeddable":true,"href":"https:\/\/grupotextil.es\/en\/wp-json\/wp\/v2\/product_cat?post=185746"},{"taxonomy":"product_tag","embeddable":true,"href":"https:\/\/grupotextil.es\/en\/wp-json\/wp\/v2\/product_tag?post=185746"}],"curies":[{"name":"wp","href":"https:\/\/api.w.org\/{rel}","templated":true}]}}