{"id":185772,"date":"2026-03-03T21:10:40","date_gmt":"2026-03-03T20:10:40","guid":{"rendered":"https:\/\/grupotextil.es\/producto\/rtp-apparel-cosmic-155-men\/"},"modified":"2026-03-04T20:19:37","modified_gmt":"2026-03-04T19:19:37","slug":"rtp-apparel-cosmic-155-men","status":"publish","type":"product","link":"https:\/\/grupotextil.es\/en\/product\/rtp-apparel-cosmic-155-men\/","title":{"rendered":"RTP APPAREL COSMIC 155 MEN"},"content":{"rendered":"<p><strong>Composici\u00f3n:<\/strong> Pretratamiento para la impresi\u00f3n digital &#8211; 100% algod\u00f3n biol\u00f3gico<\/p>\n<p><strong>Caracter\u00edsticas:<\/strong> Corte cosido y acabado natural para una calidad m\u00e1s suave<br \/>Cuello redondo de canal\u00e9 y banda interior del cuello<br \/>Corte moderno<br \/>\u00c1rea de impresi\u00f3n frontal: 38 x 52 cm para una camiseta de hombre de la talla L<br \/>El tama\u00f1o de esta zona var\u00eda en funci\u00f3n de la talla del producto (v\u00e9ase la tabla de tama\u00f1os de zonas de impresi\u00f3n)<br \/>Se venden en paquetes de 5 unidades del mismo color y tama\u00f1o<\/p>\n<p><strong>Tallas disponibles:<\/strong> XXL,S,3XL,XL,M,L<\/p>\n<p><strong>Propiedades:<\/strong> kids, twin, unisex<\/p>\n<p><strong>Cuidado:<\/strong> 30\u00b0 \u00b7 Planchar a media temperatura \u00b7 No se puede usar lej\u00eda<\/p>\n<p><strong>G\u00e9nero:<\/strong> Hombre,Familia,Twin<\/p>","protected":false},"excerpt":{"rendered":"<p>CAMISETA HOMBRE CORTADA Y COSIDA MANGA CORTA<\/p>","protected":false},"featured_media":245488,"comment_status":"open","ping_status":"closed","template":"","meta":{"_acf_changed":false},"product_brand":[14013],"product_cat":[13977,13974,13975,13973],"product_tag":[],"class_list":{"0":"post-185772","1":"product","2":"type-product","3":"status-publish","4":"has-post-thumbnail","6":"product_brand-sols","7":"product_cat-h-camisetas-manga-corta","8":"product_cat-ropa-hombre","9":"product_cat-ropa-mujer","10":"product_cat-ropa","11":"tm-no-options","13":"first","14":"instock","15":"taxable","16":"shipping-taxable","17":"product-type-variable"},"acf":[],"_links":{"self":[{"href":"https:\/\/grupotextil.es\/en\/wp-json\/wp\/v2\/product\/185772","targetHints":{"allow":["GET"]}}],"collection":[{"href":"https:\/\/grupotextil.es\/en\/wp-json\/wp\/v2\/product"}],"about":[{"href":"https:\/\/grupotextil.es\/en\/wp-json\/wp\/v2\/types\/product"}],"replies":[{"embeddable":true,"href":"https:\/\/grupotextil.es\/en\/wp-json\/wp\/v2\/comments?post=185772"}],"wp:featuredmedia":[{"embeddable":true,"href":"https:\/\/grupotextil.es\/en\/wp-json\/wp\/v2\/media\/245488"}],"wp:attachment":[{"href":"https:\/\/grupotextil.es\/en\/wp-json\/wp\/v2\/media?parent=185772"}],"wp:term":[{"taxonomy":"product_brand","embeddable":true,"href":"https:\/\/grupotextil.es\/en\/wp-json\/wp\/v2\/product_brand?post=185772"},{"taxonomy":"product_cat","embeddable":true,"href":"https:\/\/grupotextil.es\/en\/wp-json\/wp\/v2\/product_cat?post=185772"},{"taxonomy":"product_tag","embeddable":true,"href":"https:\/\/grupotextil.es\/en\/wp-json\/wp\/v2\/product_tag?post=185772"}],"curies":[{"name":"wp","href":"https:\/\/api.w.org\/{rel}","templated":true}]}}