{"id":191284,"date":"2026-03-03T21:17:32","date_gmt":"2026-03-03T20:17:32","guid":{"rendered":"https:\/\/grupotextil.es\/producto\/atf-gael\/"},"modified":"2026-03-05T04:28:06","modified_gmt":"2026-03-05T03:28:06","slug":"atf-gael","status":"publish","type":"product","link":"https:\/\/grupotextil.es\/en\/product\/atf-gael\/","title":{"rendered":"ATF GA\u00cbL"},"content":{"rendered":"<p><strong>Composici\u00f3n:<\/strong> Tejido y fabricado en Francia &#8211; 100% algod\u00f3n\u00a0org\u00e1nico<\/p>\n<p><strong>Caracter\u00edsticas:<\/strong> Bolsa peque\u00f1a con doble cord\u00f3n de ajuste de algod\u00f3n<br \/>Etiqueta decorativa tricolor fijada en la costura lateral<br \/>Tama\u00f1o ideal para guardar un par de zapatos o una camiseta doblada<br \/>Disponible en juegos de 10 piezas<\/p>\n<p><strong>Tallas disponibles:<\/strong> TUN<\/p>\n<p><strong>Cuidado:<\/strong> 40\u00b0 \u00b7 Planchar a baja temperatura \u00b7 No se puede usar lej\u00eda<\/p>\n<p><strong>G\u00e9nero:<\/strong> Unisex<\/p>","protected":false},"excerpt":{"rendered":"<p>BOLSA PEQUE\u00d1A FABRICADA EN FRANCIA<\/p>","protected":false},"featured_media":251520,"comment_status":"open","ping_status":"closed","template":"","meta":{"_acf_changed":false},"product_brand":[14013],"product_cat":[13954,13974,13975,13973],"product_tag":[],"class_list":{"0":"post-191284","1":"product","2":"type-product","3":"status-publish","4":"has-post-thumbnail","6":"product_brand-sols","7":"product_cat-acc-bolsas-y-mochilas","8":"product_cat-ropa-hombre","9":"product_cat-ropa-mujer","10":"product_cat-ropa","11":"tm-no-options","13":"first","14":"instock","15":"taxable","16":"shipping-taxable","17":"product-type-variable"},"acf":[],"_links":{"self":[{"href":"https:\/\/grupotextil.es\/en\/wp-json\/wp\/v2\/product\/191284","targetHints":{"allow":["GET"]}}],"collection":[{"href":"https:\/\/grupotextil.es\/en\/wp-json\/wp\/v2\/product"}],"about":[{"href":"https:\/\/grupotextil.es\/en\/wp-json\/wp\/v2\/types\/product"}],"replies":[{"embeddable":true,"href":"https:\/\/grupotextil.es\/en\/wp-json\/wp\/v2\/comments?post=191284"}],"wp:featuredmedia":[{"embeddable":true,"href":"https:\/\/grupotextil.es\/en\/wp-json\/wp\/v2\/media\/251520"}],"wp:attachment":[{"href":"https:\/\/grupotextil.es\/en\/wp-json\/wp\/v2\/media?parent=191284"}],"wp:term":[{"taxonomy":"product_brand","embeddable":true,"href":"https:\/\/grupotextil.es\/en\/wp-json\/wp\/v2\/product_brand?post=191284"},{"taxonomy":"product_cat","embeddable":true,"href":"https:\/\/grupotextil.es\/en\/wp-json\/wp\/v2\/product_cat?post=191284"},{"taxonomy":"product_tag","embeddable":true,"href":"https:\/\/grupotextil.es\/en\/wp-json\/wp\/v2\/product_tag?post=191284"}],"curies":[{"name":"wp","href":"https:\/\/api.w.org\/{rel}","templated":true}]}}