{"id":192803,"date":"2026-03-03T23:09:29","date_gmt":"2026-03-03T22:09:29","guid":{"rendered":"https:\/\/grupotextil.es\/producto\/sudadera-roly-clasica-1070-unisex\/"},"modified":"2026-03-04T06:13:35","modified_gmt":"2026-03-04T05:13:35","slug":"sudadera-roly-clasica-1070-unisex","status":"publish","type":"product","link":"https:\/\/grupotextil.es\/en\/product\/sudadera-roly-clasica-1070-unisex\/","title":{"rendered":"Sudadera Roly Cl\u00e1sica 1070 Unisex"},"content":{"rendered":"<p>Sudadera en dise\u00f1o cl\u00e1sico, con cuello, pu\u00f1os y cinturilla de punto canal\u00e9 1\u00d71 con elastano. Cubrecosturas reforzado en cuello.<\/p>","protected":false},"excerpt":{"rendered":"<p>Sudadera en dise\u00f1o cl\u00e1sico, con cuello, pu\u00f1os y cinturilla de punto canal\u00e9 1\u00d71 con elastano. Cubrecosturas reforzado en cuello.<\/p>","protected":false},"featured_media":192804,"comment_status":"open","ping_status":"closed","template":"","meta":{"_acf_changed":false},"product_brand":[14011],"product_cat":[13939],"product_tag":[],"class_list":{"0":"post-192803","1":"product","2":"type-product","3":"status-publish","4":"has-post-thumbnail","6":"product_brand-roly","7":"product_cat-deportivo","8":"tm-no-options","10":"first","11":"instock","12":"taxable","13":"shipping-taxable","14":"product-type-variable"},"acf":[],"_links":{"self":[{"href":"https:\/\/grupotextil.es\/en\/wp-json\/wp\/v2\/product\/192803","targetHints":{"allow":["GET"]}}],"collection":[{"href":"https:\/\/grupotextil.es\/en\/wp-json\/wp\/v2\/product"}],"about":[{"href":"https:\/\/grupotextil.es\/en\/wp-json\/wp\/v2\/types\/product"}],"replies":[{"embeddable":true,"href":"https:\/\/grupotextil.es\/en\/wp-json\/wp\/v2\/comments?post=192803"}],"wp:featuredmedia":[{"embeddable":true,"href":"https:\/\/grupotextil.es\/en\/wp-json\/wp\/v2\/media\/192804"}],"wp:attachment":[{"href":"https:\/\/grupotextil.es\/en\/wp-json\/wp\/v2\/media?parent=192803"}],"wp:term":[{"taxonomy":"product_brand","embeddable":true,"href":"https:\/\/grupotextil.es\/en\/wp-json\/wp\/v2\/product_brand?post=192803"},{"taxonomy":"product_cat","embeddable":true,"href":"https:\/\/grupotextil.es\/en\/wp-json\/wp\/v2\/product_cat?post=192803"},{"taxonomy":"product_tag","embeddable":true,"href":"https:\/\/grupotextil.es\/en\/wp-json\/wp\/v2\/product_tag?post=192803"}],"curies":[{"name":"wp","href":"https:\/\/api.w.org\/{rel}","templated":true}]}}