{"id":193944,"date":"2026-03-03T23:16:36","date_gmt":"2026-03-03T22:16:36","guid":{"rendered":"https:\/\/grupotextil.es\/producto\/oso-de-peluche-stamina-jazz-1853\/"},"modified":"2026-03-04T06:13:39","modified_gmt":"2026-03-04T05:13:39","slug":"oso-de-peluche-stamina-jazz-1853","status":"publish","type":"product","link":"https:\/\/grupotextil.es\/en\/product\/oso-de-peluche-stamina-jazz-1853\/","title":{"rendered":"Oso de Peluche Stamina Jazz 1853"},"content":{"rendered":"<p>Osito de peluche con sudadera lisa realizada en suave poli\u00e9ster&nbsp;de tacto suave. Ideal para regalar. Dise\u00f1o en posici\u00f3n sentado.<\/p>","protected":false},"excerpt":{"rendered":"<p>Osito de peluche con sudadera lisa realizada en suave poli\u00e9ster&nbsp;de tacto suave. Ideal para regalar. Dise\u00f1o en posici\u00f3n sentado.<\/p>","protected":false},"featured_media":193945,"comment_status":"open","ping_status":"closed","template":"","meta":{"_acf_changed":false},"product_brand":[14012],"product_cat":[13976],"product_tag":[],"class_list":{"0":"post-193944","1":"product","2":"type-product","3":"status-publish","4":"has-post-thumbnail","6":"product_brand-stamina","7":"product_cat-ropa-nino","8":"tm-no-options","10":"first","11":"instock","12":"taxable","13":"shipping-taxable","14":"product-type-variable"},"acf":[],"_links":{"self":[{"href":"https:\/\/grupotextil.es\/en\/wp-json\/wp\/v2\/product\/193944","targetHints":{"allow":["GET"]}}],"collection":[{"href":"https:\/\/grupotextil.es\/en\/wp-json\/wp\/v2\/product"}],"about":[{"href":"https:\/\/grupotextil.es\/en\/wp-json\/wp\/v2\/types\/product"}],"replies":[{"embeddable":true,"href":"https:\/\/grupotextil.es\/en\/wp-json\/wp\/v2\/comments?post=193944"}],"wp:featuredmedia":[{"embeddable":true,"href":"https:\/\/grupotextil.es\/en\/wp-json\/wp\/v2\/media\/193945"}],"wp:attachment":[{"href":"https:\/\/grupotextil.es\/en\/wp-json\/wp\/v2\/media?parent=193944"}],"wp:term":[{"taxonomy":"product_brand","embeddable":true,"href":"https:\/\/grupotextil.es\/en\/wp-json\/wp\/v2\/product_brand?post=193944"},{"taxonomy":"product_cat","embeddable":true,"href":"https:\/\/grupotextil.es\/en\/wp-json\/wp\/v2\/product_cat?post=193944"},{"taxonomy":"product_tag","embeddable":true,"href":"https:\/\/grupotextil.es\/en\/wp-json\/wp\/v2\/product_tag?post=193944"}],"curies":[{"name":"wp","href":"https:\/\/api.w.org\/{rel}","templated":true}]}}