{"id":194072,"date":"2026-03-03T23:17:50","date_gmt":"2026-03-03T22:17:50","guid":{"rendered":"https:\/\/grupotextil.es\/producto\/parka-acolchada-roly-dome-6704\/"},"modified":"2026-03-10T01:58:49","modified_gmt":"2026-03-10T00:58:49","slug":"parka-acolchada-roly-dome-6704","status":"publish","type":"product","link":"https:\/\/grupotextil.es\/en\/product\/parka-acolchada-roly-dome-6704\/","title":{"rendered":"Parka Acolchada Roly Dome 6704"},"content":{"rendered":"<p>Parka acolchada 3\/4 con cuello alto y capucha extra\u00edble mediante cremallera. Cremallera central de doble direcci\u00f3n cubierta por una solapa cerrada con botones a presi\u00f3n. Dos bolsillos laterales con tapeta y cierre con bot\u00f3n a presi\u00f3n. Bolsillo interior con cierre de cremallera invisible. Acceso en espalda para reprocesos.<\/p>","protected":false},"excerpt":{"rendered":"<p>Parka acolchada 3\/4 con cuello alto y capucha extra\u00edble mediante cremallera. Cremallera central de doble direcci\u00f3n cubierta por una solapa cerrada con botones a presi\u00f3n. Dos bolsillos laterales con tapeta y cierre con bot\u00f3n a presi\u00f3n. Bolsillo interior con cierre de cremallera invisible. Acceso en espalda para reprocesos.<\/p>","protected":false},"featured_media":194073,"comment_status":"open","ping_status":"closed","template":"","meta":{"_acf_changed":false},"product_brand":[14011],"product_cat":[13981,13974,13973],"product_tag":[],"class_list":{"0":"post-194072","1":"product","2":"type-product","3":"status-publish","4":"has-post-thumbnail","6":"product_brand-roly","7":"product_cat-h-chaquetas-y-abrigos","8":"product_cat-ropa-hombre","9":"product_cat-ropa","10":"tm-no-options","12":"first","13":"instock","14":"taxable","15":"shipping-taxable","16":"product-type-variable"},"acf":[],"_links":{"self":[{"href":"https:\/\/grupotextil.es\/en\/wp-json\/wp\/v2\/product\/194072","targetHints":{"allow":["GET"]}}],"collection":[{"href":"https:\/\/grupotextil.es\/en\/wp-json\/wp\/v2\/product"}],"about":[{"href":"https:\/\/grupotextil.es\/en\/wp-json\/wp\/v2\/types\/product"}],"replies":[{"embeddable":true,"href":"https:\/\/grupotextil.es\/en\/wp-json\/wp\/v2\/comments?post=194072"}],"wp:featuredmedia":[{"embeddable":true,"href":"https:\/\/grupotextil.es\/en\/wp-json\/wp\/v2\/media\/194073"}],"wp:attachment":[{"href":"https:\/\/grupotextil.es\/en\/wp-json\/wp\/v2\/media?parent=194072"}],"wp:term":[{"taxonomy":"product_brand","embeddable":true,"href":"https:\/\/grupotextil.es\/en\/wp-json\/wp\/v2\/product_brand?post=194072"},{"taxonomy":"product_cat","embeddable":true,"href":"https:\/\/grupotextil.es\/en\/wp-json\/wp\/v2\/product_cat?post=194072"},{"taxonomy":"product_tag","embeddable":true,"href":"https:\/\/grupotextil.es\/en\/wp-json\/wp\/v2\/product_tag?post=194072"}],"curies":[{"name":"wp","href":"https:\/\/api.w.org\/{rel}","templated":true}]}}