{"id":194279,"date":"2026-03-03T23:19:34","date_gmt":"2026-03-03T22:19:34","guid":{"rendered":"https:\/\/grupotextil.es\/producto\/bidon-stamina-yoger-1587\/"},"modified":"2026-03-04T06:13:40","modified_gmt":"2026-03-04T05:13:40","slug":"bidon-stamina-yoger-1587","status":"publish","type":"product","link":"https:\/\/grupotextil.es\/en\/product\/bidon-stamina-yoger-1587\/","title":{"rendered":"Bid\u00f3n Stamina Yoger 1587"},"content":{"rendered":"<p>Bid\u00f3n de trit\u00e1n con cuerpo transl\u00facido, con capacidad para 1L. Cuenta con tap\u00f3n con cierre a rosca y asa de transporte integrada en \u00e9l. Incorpora recomendaci\u00f3n de hidrataci\u00f3n e indicador de capacidad en el cuerpo. Una opci\u00f3n pr\u00e1ctica, ligera y funcional.<\/p>","protected":false},"excerpt":{"rendered":"<p>Bid\u00f3n de trit\u00e1n con cuerpo transl\u00facido, con capacidad para 1L. Cuenta con tap\u00f3n con cierre a rosca y asa de transporte integrada en \u00e9l. Incorpora recomendaci\u00f3n de hidrataci\u00f3n e indicador de capacidad en el cuerpo. Una opci\u00f3n pr\u00e1ctica, ligera y funcional.<\/p>","protected":false},"featured_media":194280,"comment_status":"open","ping_status":"closed","template":"","meta":{"_acf_changed":false},"product_brand":[14012],"product_cat":[13958,14006,13971],"product_tag":[],"class_list":{"0":"post-194279","1":"product","2":"type-product","3":"status-publish","4":"has-post-thumbnail","6":"product_brand-stamina","7":"product_cat-mr-botellas-y-termos","8":"product_cat-acc-merchandising","9":"product_cat-mr-tazas","10":"tm-no-options","12":"first","13":"instock","14":"taxable","15":"shipping-taxable","16":"product-type-variable"},"acf":[],"_links":{"self":[{"href":"https:\/\/grupotextil.es\/en\/wp-json\/wp\/v2\/product\/194279","targetHints":{"allow":["GET"]}}],"collection":[{"href":"https:\/\/grupotextil.es\/en\/wp-json\/wp\/v2\/product"}],"about":[{"href":"https:\/\/grupotextil.es\/en\/wp-json\/wp\/v2\/types\/product"}],"replies":[{"embeddable":true,"href":"https:\/\/grupotextil.es\/en\/wp-json\/wp\/v2\/comments?post=194279"}],"wp:featuredmedia":[{"embeddable":true,"href":"https:\/\/grupotextil.es\/en\/wp-json\/wp\/v2\/media\/194280"}],"wp:attachment":[{"href":"https:\/\/grupotextil.es\/en\/wp-json\/wp\/v2\/media?parent=194279"}],"wp:term":[{"taxonomy":"product_brand","embeddable":true,"href":"https:\/\/grupotextil.es\/en\/wp-json\/wp\/v2\/product_brand?post=194279"},{"taxonomy":"product_cat","embeddable":true,"href":"https:\/\/grupotextil.es\/en\/wp-json\/wp\/v2\/product_cat?post=194279"},{"taxonomy":"product_tag","embeddable":true,"href":"https:\/\/grupotextil.es\/en\/wp-json\/wp\/v2\/product_tag?post=194279"}],"curies":[{"name":"wp","href":"https:\/\/api.w.org\/{rel}","templated":true}]}}