{"id":194347,"date":"2026-03-03T23:20:36","date_gmt":"2026-03-03T22:20:36","guid":{"rendered":"https:\/\/grupotextil.es\/producto\/mochila-extensible-stamina-oregon-1883\/"},"modified":"2026-03-04T06:13:40","modified_gmt":"2026-03-04T05:13:40","slug":"mochila-extensible-stamina-oregon-1883","status":"publish","type":"product","link":"https:\/\/grupotextil.es\/en\/product\/mochila-extensible-stamina-oregon-1883\/","title":{"rendered":"Mochila Extensible Stamina Oregon 1883"},"content":{"rendered":"<p>Pr\u00e1ctica mochila extensible elaborada en PU Leather. Ofrece gran capacidad y confort, ya que cuenta con espalda y asas acolchadas y una pr\u00e1ctica cinta para trolley. El compartimento principal incluye un separador de rejilla con cremallera y varios bolsillos interiores de menor tama\u00f1o para almacenar peque\u00f1os objetos. Cuenta con un compartimento frontal con peque\u00f1os bolsillos y una cinta con llavero incorporado para no perder tus llaves. Dispone de un bolsillo frontal para transportar enseres de menor tama\u00f1o, adem\u00e1s de un bolsillo posterior con compartimento doble acolchado para llevar tu port\u00e1til de hasta 15\u2033 junto a otro dispositivo electr\u00f3nico. Incorpora mosquetones laterales que permiten ajustar sus dimensiones y una cremallera de apertura que permite ampliarlas. Incluye un cable conector para bater\u00eda externa en uno de sus laterales. Sus paneles est\u00e1n acolchados para proteger tus objetos personales y sus asas son ajustables.<\/p>","protected":false},"excerpt":{"rendered":"<p>Pr\u00e1ctica mochila extensible elaborada en PU Leather. Ofrece gran capacidad y confort, ya que cuenta con espalda y asas acolchadas y una pr\u00e1ctica cinta para trolley. El compartimento principal incluye un separador de rejilla con cremallera y varios bolsillos interiores de menor tama\u00f1o para almacenar peque\u00f1os objetos. Cuenta con un compartimento frontal con peque\u00f1os bolsillos y una cinta con llavero incorporado para no perder tus llaves. Dispone de un bolsillo frontal para transportar enseres de menor tama\u00f1o, adem\u00e1s de un bolsillo posterior con compartimento doble acolchado para llevar tu port\u00e1til de hasta 15\u2033 junto a otro dispositivo electr\u00f3nico. Incorpora mosquetones laterales que permiten ajustar sus dimensiones y una cremallera de apertura que permite ampliarlas. Incluye un cable conector para bater\u00eda externa en uno de sus laterales. Sus paneles est\u00e1n acolchados para proteger tus objetos personales y sus asas son ajustables.<\/p>","protected":false},"featured_media":194348,"comment_status":"open","ping_status":"closed","template":"","meta":{"_acf_changed":false},"product_brand":[14012],"product_cat":[13954],"product_tag":[],"class_list":{"0":"post-194347","1":"product","2":"type-product","3":"status-publish","4":"has-post-thumbnail","6":"product_brand-stamina","7":"product_cat-acc-bolsas-y-mochilas","8":"tm-no-options","10":"first","11":"instock","12":"taxable","13":"shipping-taxable","14":"product-type-variable"},"acf":[],"_links":{"self":[{"href":"https:\/\/grupotextil.es\/en\/wp-json\/wp\/v2\/product\/194347","targetHints":{"allow":["GET"]}}],"collection":[{"href":"https:\/\/grupotextil.es\/en\/wp-json\/wp\/v2\/product"}],"about":[{"href":"https:\/\/grupotextil.es\/en\/wp-json\/wp\/v2\/types\/product"}],"replies":[{"embeddable":true,"href":"https:\/\/grupotextil.es\/en\/wp-json\/wp\/v2\/comments?post=194347"}],"wp:featuredmedia":[{"embeddable":true,"href":"https:\/\/grupotextil.es\/en\/wp-json\/wp\/v2\/media\/194348"}],"wp:attachment":[{"href":"https:\/\/grupotextil.es\/en\/wp-json\/wp\/v2\/media?parent=194347"}],"wp:term":[{"taxonomy":"product_brand","embeddable":true,"href":"https:\/\/grupotextil.es\/en\/wp-json\/wp\/v2\/product_brand?post=194347"},{"taxonomy":"product_cat","embeddable":true,"href":"https:\/\/grupotextil.es\/en\/wp-json\/wp\/v2\/product_cat?post=194347"},{"taxonomy":"product_tag","embeddable":true,"href":"https:\/\/grupotextil.es\/en\/wp-json\/wp\/v2\/product_tag?post=194347"}],"curies":[{"name":"wp","href":"https:\/\/api.w.org\/{rel}","templated":true}]}}