{"id":194417,"date":"2026-03-03T23:22:18","date_gmt":"2026-03-03T22:22:18","guid":{"rendered":"https:\/\/grupotextil.es\/producto\/zueco-roly-dan-8306-unisex\/"},"modified":"2026-03-04T06:13:41","modified_gmt":"2026-03-04T05:13:41","slug":"zueco-roly-dan-8306-unisex","status":"publish","type":"product","link":"https:\/\/grupotextil.es\/en\/product\/zueco-roly-dan-8306-unisex\/","title":{"rendered":"Zueco Roly Dan 8306 Unisex"},"content":{"rendered":"<p>Zueco de m\u00e1xima comodidad con agujeros de ventilacion. Tira de subjecci\u00f3n de doble posici\u00f3n.<\/p>","protected":false},"excerpt":{"rendered":"<p>Zueco de m\u00e1xima comodidad con agujeros de ventilacion. Tira de subjecci\u00f3n de doble posici\u00f3n.<\/p>","protected":false},"featured_media":194418,"comment_status":"open","ping_status":"closed","template":"","meta":{"_acf_changed":false},"product_brand":[14011],"product_cat":[13937],"product_tag":[],"class_list":{"0":"post-194417","1":"product","2":"type-product","3":"status-publish","4":"has-post-thumbnail","6":"product_brand-roly","7":"product_cat-rl-calzado-laboral","8":"tm-no-options","10":"first","11":"instock","12":"taxable","13":"shipping-taxable","14":"product-type-variable"},"acf":[],"_links":{"self":[{"href":"https:\/\/grupotextil.es\/en\/wp-json\/wp\/v2\/product\/194417","targetHints":{"allow":["GET"]}}],"collection":[{"href":"https:\/\/grupotextil.es\/en\/wp-json\/wp\/v2\/product"}],"about":[{"href":"https:\/\/grupotextil.es\/en\/wp-json\/wp\/v2\/types\/product"}],"replies":[{"embeddable":true,"href":"https:\/\/grupotextil.es\/en\/wp-json\/wp\/v2\/comments?post=194417"}],"wp:featuredmedia":[{"embeddable":true,"href":"https:\/\/grupotextil.es\/en\/wp-json\/wp\/v2\/media\/194418"}],"wp:attachment":[{"href":"https:\/\/grupotextil.es\/en\/wp-json\/wp\/v2\/media?parent=194417"}],"wp:term":[{"taxonomy":"product_brand","embeddable":true,"href":"https:\/\/grupotextil.es\/en\/wp-json\/wp\/v2\/product_brand?post=194417"},{"taxonomy":"product_cat","embeddable":true,"href":"https:\/\/grupotextil.es\/en\/wp-json\/wp\/v2\/product_cat?post=194417"},{"taxonomy":"product_tag","embeddable":true,"href":"https:\/\/grupotextil.es\/en\/wp-json\/wp\/v2\/product_tag?post=194417"}],"curies":[{"name":"wp","href":"https:\/\/api.w.org\/{rel}","templated":true}]}}