{"id":194539,"date":"2026-03-03T23:23:19","date_gmt":"2026-03-03T22:23:19","guid":{"rendered":"https:\/\/grupotextil.es\/producto\/bolso-mochila-multifuncion-stamina-hobart-1783\/"},"modified":"2026-03-04T06:13:41","modified_gmt":"2026-03-04T05:13:41","slug":"bolso-mochila-multifuncion-stamina-hobart-1783","status":"publish","type":"product","link":"https:\/\/grupotextil.es\/en\/product\/bolso-mochila-multifuncion-stamina-hobart-1783\/","title":{"rendered":"Bolso\/Mochila Multifunci\u00f3n Stamina Hobart 1783"},"content":{"rendered":"<p>Bolso\/mochila multifunci\u00f3n realizado en PU Leather con poli\u00e9ster 600D Ripstop. Resistente al agua. Gran compartimento principal con apertura completa. M\u00faltiples bolsillos exteriores. Compartimento para calzado. Asa reforzada. Todos los compartimentos cuentan con cremallera impermeable. Incluye cinta acolchada para hombros con funcionalidad de mochila.<\/p>","protected":false},"excerpt":{"rendered":"<p>Bolso\/mochila multifunci\u00f3n realizado en PU Leather con poli\u00e9ster 600D Ripstop. Resistente al agua. Gran compartimento principal con apertura completa. M\u00faltiples bolsillos exteriores. Compartimento para calzado. Asa reforzada. Todos los compartimentos cuentan con cremallera impermeable. Incluye cinta acolchada para hombros con funcionalidad de mochila.<\/p>","protected":false},"featured_media":194540,"comment_status":"open","ping_status":"closed","template":"","meta":{"_acf_changed":false},"product_brand":[14012],"product_cat":[13954],"product_tag":[],"class_list":{"0":"post-194539","1":"product","2":"type-product","3":"status-publish","4":"has-post-thumbnail","6":"product_brand-stamina","7":"product_cat-acc-bolsas-y-mochilas","8":"tm-no-options","10":"first","11":"instock","12":"taxable","13":"shipping-taxable","14":"product-type-variable"},"acf":[],"_links":{"self":[{"href":"https:\/\/grupotextil.es\/en\/wp-json\/wp\/v2\/product\/194539","targetHints":{"allow":["GET"]}}],"collection":[{"href":"https:\/\/grupotextil.es\/en\/wp-json\/wp\/v2\/product"}],"about":[{"href":"https:\/\/grupotextil.es\/en\/wp-json\/wp\/v2\/types\/product"}],"replies":[{"embeddable":true,"href":"https:\/\/grupotextil.es\/en\/wp-json\/wp\/v2\/comments?post=194539"}],"wp:featuredmedia":[{"embeddable":true,"href":"https:\/\/grupotextil.es\/en\/wp-json\/wp\/v2\/media\/194540"}],"wp:attachment":[{"href":"https:\/\/grupotextil.es\/en\/wp-json\/wp\/v2\/media?parent=194539"}],"wp:term":[{"taxonomy":"product_brand","embeddable":true,"href":"https:\/\/grupotextil.es\/en\/wp-json\/wp\/v2\/product_brand?post=194539"},{"taxonomy":"product_cat","embeddable":true,"href":"https:\/\/grupotextil.es\/en\/wp-json\/wp\/v2\/product_cat?post=194539"},{"taxonomy":"product_tag","embeddable":true,"href":"https:\/\/grupotextil.es\/en\/wp-json\/wp\/v2\/product_tag?post=194539"}],"curies":[{"name":"wp","href":"https:\/\/api.w.org\/{rel}","templated":true}]}}