{"id":194548,"date":"2026-03-03T23:23:28","date_gmt":"2026-03-03T22:23:28","guid":{"rendered":"https:\/\/grupotextil.es\/producto\/bolsa-con-fuelle-stamina-jokic-1693\/"},"modified":"2026-03-04T06:13:41","modified_gmt":"2026-03-04T05:13:41","slug":"bolsa-con-fuelle-stamina-jokic-1693","status":"publish","type":"product","link":"https:\/\/grupotextil.es\/en\/product\/bolsa-con-fuelle-stamina-jokic-1693\/","title":{"rendered":"Bolsa Con Fuelle Stamina Jokic 1693"},"content":{"rendered":"<p>Bolsa 100% algod\u00f3n org\u00e1nico a color con fuelle en la base, lo que la hace perfecta para transportar tus objetos con la mayor adaptabilidad posible. Con asas de 70cm para un transporte m\u00e1s pr\u00e1ctico y c\u00f3modo. Es una opci\u00f3n pr\u00e1ctica, amplia y sostenible.<\/p>","protected":false},"excerpt":{"rendered":"<p>Bolsa 100% algod\u00f3n org\u00e1nico a color con fuelle en la base, lo que la hace perfecta para transportar tus objetos con la mayor adaptabilidad posible. Con asas de 70cm para un transporte m\u00e1s pr\u00e1ctico y c\u00f3modo. Es una opci\u00f3n pr\u00e1ctica, amplia y sostenible.<\/p>","protected":false},"featured_media":194549,"comment_status":"open","ping_status":"closed","template":"","meta":{"_acf_changed":false},"product_brand":[14012],"product_cat":[13948,14008,14007,9841],"product_tag":[],"class_list":{"0":"post-194548","1":"product","2":"type-product","3":"status-publish","4":"has-post-thumbnail","6":"product_brand-stamina","7":"product_cat-accesorios","8":"product_cat-accesorios-reciclados","9":"product_cat-ropa-organica","10":"product_cat-sostenible","11":"tm-no-options","13":"first","14":"instock","15":"taxable","16":"shipping-taxable","17":"product-type-variable"},"acf":[],"_links":{"self":[{"href":"https:\/\/grupotextil.es\/en\/wp-json\/wp\/v2\/product\/194548","targetHints":{"allow":["GET"]}}],"collection":[{"href":"https:\/\/grupotextil.es\/en\/wp-json\/wp\/v2\/product"}],"about":[{"href":"https:\/\/grupotextil.es\/en\/wp-json\/wp\/v2\/types\/product"}],"replies":[{"embeddable":true,"href":"https:\/\/grupotextil.es\/en\/wp-json\/wp\/v2\/comments?post=194548"}],"wp:featuredmedia":[{"embeddable":true,"href":"https:\/\/grupotextil.es\/en\/wp-json\/wp\/v2\/media\/194549"}],"wp:attachment":[{"href":"https:\/\/grupotextil.es\/en\/wp-json\/wp\/v2\/media?parent=194548"}],"wp:term":[{"taxonomy":"product_brand","embeddable":true,"href":"https:\/\/grupotextil.es\/en\/wp-json\/wp\/v2\/product_brand?post=194548"},{"taxonomy":"product_cat","embeddable":true,"href":"https:\/\/grupotextil.es\/en\/wp-json\/wp\/v2\/product_cat?post=194548"},{"taxonomy":"product_tag","embeddable":true,"href":"https:\/\/grupotextil.es\/en\/wp-json\/wp\/v2\/product_tag?post=194548"}],"curies":[{"name":"wp","href":"https:\/\/api.w.org\/{rel}","templated":true}]}}