{"id":194747,"date":"2026-03-03T23:25:12","date_gmt":"2026-03-03T22:25:12","guid":{"rendered":"https:\/\/grupotextil.es\/producto\/vaso-termico-acero-inoxidable-stamina-keury-1644\/"},"modified":"2026-03-04T06:13:42","modified_gmt":"2026-03-04T05:13:42","slug":"vaso-termico-acero-inoxidable-stamina-keury-1644","status":"publish","type":"product","link":"https:\/\/grupotextil.es\/en\/product\/vaso-termico-acero-inoxidable-stamina-keury-1644\/","title":{"rendered":"Vaso T\u00e9rmico Acero Inoxidable Stamina Keury 1644"},"content":{"rendered":"<p>El vaso t\u00e9rmico de acero inoxidable 304, con doble pared y recubrimiento cer\u00e1mico, asegura una excelente conservaci\u00f3n t\u00e9rmica. Su tapa con rosca de seguridad y base antideslizante ofrecen practicidad y seguridad. Dise\u00f1ado para adaptarse al portavasos del coche, es ideal para mantener bebidas calientes o fr\u00edas en trayectos largos. Con capacidad de 350 ml, combina durabilidad, funcionalidad y estilo, siendo perfecto para uso diario o viajes.<\/p>","protected":false},"excerpt":{"rendered":"<p>El vaso t\u00e9rmico de acero inoxidable 304, con doble pared y recubrimiento cer\u00e1mico, asegura una excelente conservaci\u00f3n t\u00e9rmica. Su tapa con rosca de seguridad y base antideslizante ofrecen practicidad y seguridad. Dise\u00f1ado para adaptarse al portavasos del coche, es ideal para mantener bebidas calientes o fr\u00edas en trayectos largos. Con capacidad de 350 ml, combina durabilidad, funcionalidad y estilo, siendo perfecto para uso diario o viajes.<\/p>","protected":false},"featured_media":194748,"comment_status":"open","ping_status":"closed","template":"","meta":{"_acf_changed":false},"product_brand":[14012],"product_cat":[13958,14006,13971],"product_tag":[],"class_list":{"0":"post-194747","1":"product","2":"type-product","3":"status-publish","4":"has-post-thumbnail","6":"product_brand-stamina","7":"product_cat-mr-botellas-y-termos","8":"product_cat-acc-merchandising","9":"product_cat-mr-tazas","10":"tm-no-options","12":"first","13":"instock","14":"taxable","15":"shipping-taxable","16":"product-type-variable"},"acf":[],"_links":{"self":[{"href":"https:\/\/grupotextil.es\/en\/wp-json\/wp\/v2\/product\/194747","targetHints":{"allow":["GET"]}}],"collection":[{"href":"https:\/\/grupotextil.es\/en\/wp-json\/wp\/v2\/product"}],"about":[{"href":"https:\/\/grupotextil.es\/en\/wp-json\/wp\/v2\/types\/product"}],"replies":[{"embeddable":true,"href":"https:\/\/grupotextil.es\/en\/wp-json\/wp\/v2\/comments?post=194747"}],"wp:featuredmedia":[{"embeddable":true,"href":"https:\/\/grupotextil.es\/en\/wp-json\/wp\/v2\/media\/194748"}],"wp:attachment":[{"href":"https:\/\/grupotextil.es\/en\/wp-json\/wp\/v2\/media?parent=194747"}],"wp:term":[{"taxonomy":"product_brand","embeddable":true,"href":"https:\/\/grupotextil.es\/en\/wp-json\/wp\/v2\/product_brand?post=194747"},{"taxonomy":"product_cat","embeddable":true,"href":"https:\/\/grupotextil.es\/en\/wp-json\/wp\/v2\/product_cat?post=194747"},{"taxonomy":"product_tag","embeddable":true,"href":"https:\/\/grupotextil.es\/en\/wp-json\/wp\/v2\/product_tag?post=194747"}],"curies":[{"name":"wp","href":"https:\/\/api.w.org\/{rel}","templated":true}]}}