{"id":194755,"date":"2026-03-03T23:25:19","date_gmt":"2026-03-03T22:25:19","guid":{"rendered":"https:\/\/grupotextil.es\/producto\/bloc-de-notas-a5-stamina-sandro-1531\/"},"modified":"2026-03-04T06:13:42","modified_gmt":"2026-03-04T05:13:42","slug":"bloc-de-notas-a5-stamina-sandro-1531","status":"publish","type":"product","link":"https:\/\/grupotextil.es\/en\/product\/bloc-de-notas-a5-stamina-sandro-1531\/","title":{"rendered":"Bloc de Notas A5 Stamina Sandro 1531"},"content":{"rendered":"<p>Bloc de notas tama\u00f1o A5 ideal para sublimaci\u00f3n de tapa r\u00edgida. Incluye marcador de p\u00e1ginas y banda el\u00e1stica de cierre a juego. Contiene con 100 hojas a lisas.<\/p>","protected":false},"excerpt":{"rendered":"<p>Bloc de notas tama\u00f1o A5 ideal para sublimaci\u00f3n de tapa r\u00edgida. Incluye marcador de p\u00e1ginas y banda el\u00e1stica de cierre a juego. Contiene con 100 hojas a lisas.<\/p>","protected":false},"featured_media":194756,"comment_status":"open","ping_status":"closed","template":"","meta":{"_acf_changed":false},"product_brand":[14012],"product_cat":[14006,13972],"product_tag":[],"class_list":{"0":"post-194755","1":"product","2":"type-product","3":"status-publish","4":"has-post-thumbnail","6":"product_brand-stamina","7":"product_cat-acc-merchandising","8":"product_cat-oficina-y-escritura","9":"tm-no-options","11":"first","12":"instock","13":"taxable","14":"shipping-taxable","15":"product-type-variable"},"acf":[],"_links":{"self":[{"href":"https:\/\/grupotextil.es\/en\/wp-json\/wp\/v2\/product\/194755","targetHints":{"allow":["GET"]}}],"collection":[{"href":"https:\/\/grupotextil.es\/en\/wp-json\/wp\/v2\/product"}],"about":[{"href":"https:\/\/grupotextil.es\/en\/wp-json\/wp\/v2\/types\/product"}],"replies":[{"embeddable":true,"href":"https:\/\/grupotextil.es\/en\/wp-json\/wp\/v2\/comments?post=194755"}],"wp:featuredmedia":[{"embeddable":true,"href":"https:\/\/grupotextil.es\/en\/wp-json\/wp\/v2\/media\/194756"}],"wp:attachment":[{"href":"https:\/\/grupotextil.es\/en\/wp-json\/wp\/v2\/media?parent=194755"}],"wp:term":[{"taxonomy":"product_brand","embeddable":true,"href":"https:\/\/grupotextil.es\/en\/wp-json\/wp\/v2\/product_brand?post=194755"},{"taxonomy":"product_cat","embeddable":true,"href":"https:\/\/grupotextil.es\/en\/wp-json\/wp\/v2\/product_cat?post=194755"},{"taxonomy":"product_tag","embeddable":true,"href":"https:\/\/grupotextil.es\/en\/wp-json\/wp\/v2\/product_tag?post=194755"}],"curies":[{"name":"wp","href":"https:\/\/api.w.org\/{rel}","templated":true}]}}