{"id":195391,"date":"2026-03-03T23:29:16","date_gmt":"2026-03-03T22:29:16","guid":{"rendered":"https:\/\/grupotextil.es\/producto\/vela-aromatica-stamina-trini-1528\/"},"modified":"2026-03-04T06:13:44","modified_gmt":"2026-03-04T05:13:44","slug":"vela-aromatica-stamina-trini-1528","status":"publish","type":"product","link":"https:\/\/grupotextil.es\/en\/product\/vela-aromatica-stamina-trini-1528\/","title":{"rendered":"Vela Arom\u00e1tica Stamina Trini 1528"},"content":{"rendered":"<p>La vela arom\u00e1tica viene en un elegante recipiente met\u00e1lico cuadrado. Hecha de cera vegetal, desprende un relajante aroma a lavanda, ideal para crear un ambiente calmante y acogedor en cualquier espacio. Perfecta para el hogar o como regalo.<\/p>","protected":false},"excerpt":{"rendered":"<p>La vela arom\u00e1tica viene en un elegante recipiente met\u00e1lico cuadrado. Hecha de cera vegetal, desprende un relajante aroma a lavanda, ideal para crear un ambiente calmante y acogedor en cualquier espacio. Perfecta para el hogar o como regalo.<\/p>","protected":false},"featured_media":195392,"comment_status":"open","ping_status":"closed","template":"","meta":{"_acf_changed":false},"product_brand":[14012],"product_cat":[13973],"product_tag":[],"class_list":{"0":"post-195391","1":"product","2":"type-product","3":"status-publish","4":"has-post-thumbnail","6":"product_brand-stamina","7":"product_cat-ropa","8":"tm-no-options","10":"first","11":"instock","12":"taxable","13":"shipping-taxable","14":"product-type-variable"},"acf":[],"_links":{"self":[{"href":"https:\/\/grupotextil.es\/en\/wp-json\/wp\/v2\/product\/195391","targetHints":{"allow":["GET"]}}],"collection":[{"href":"https:\/\/grupotextil.es\/en\/wp-json\/wp\/v2\/product"}],"about":[{"href":"https:\/\/grupotextil.es\/en\/wp-json\/wp\/v2\/types\/product"}],"replies":[{"embeddable":true,"href":"https:\/\/grupotextil.es\/en\/wp-json\/wp\/v2\/comments?post=195391"}],"wp:featuredmedia":[{"embeddable":true,"href":"https:\/\/grupotextil.es\/en\/wp-json\/wp\/v2\/media\/195392"}],"wp:attachment":[{"href":"https:\/\/grupotextil.es\/en\/wp-json\/wp\/v2\/media?parent=195391"}],"wp:term":[{"taxonomy":"product_brand","embeddable":true,"href":"https:\/\/grupotextil.es\/en\/wp-json\/wp\/v2\/product_brand?post=195391"},{"taxonomy":"product_cat","embeddable":true,"href":"https:\/\/grupotextil.es\/en\/wp-json\/wp\/v2\/product_cat?post=195391"},{"taxonomy":"product_tag","embeddable":true,"href":"https:\/\/grupotextil.es\/en\/wp-json\/wp\/v2\/product_tag?post=195391"}],"curies":[{"name":"wp","href":"https:\/\/api.w.org\/{rel}","templated":true}]}}