{"id":195518,"date":"2026-03-03T23:30:39","date_gmt":"2026-03-03T22:30:39","guid":{"rendered":"https:\/\/grupotextil.es\/producto\/sudadera-tecnica-roly-estambul-1031-hombre\/"},"modified":"2026-03-04T06:13:45","modified_gmt":"2026-03-04T05:13:45","slug":"sudadera-tecnica-roly-estambul-1031-hombre","status":"publish","type":"product","link":"https:\/\/grupotextil.es\/en\/product\/sudadera-tecnica-roly-estambul-1031-hombre\/","title":{"rendered":"Sudadera T\u00e9cnica Roly Estambul 1031 Hombre"},"content":{"rendered":"<p>Sudadera t\u00e9cnica de manga larga rangl\u00e1n. Cuello con media cremallera invertida con detalle reflectante. Cubrecosturas de refuerzo. Pu\u00f1os con apertura para el pulgar. Detalles reflectante en espalda. Bajo espalda ligeramente mas largo que el delantero. Tejido interior c\u00e1lido perchado.<\/p>","protected":false},"excerpt":{"rendered":"<p>Sudadera t\u00e9cnica de manga larga rangl\u00e1n. Cuello con media cremallera invertida con detalle reflectante. Cubrecosturas de refuerzo. Pu\u00f1os con apertura para el pulgar. Detalles reflectante en espalda. Bajo espalda ligeramente mas largo que el delantero. Tejido interior c\u00e1lido perchado.<\/p>","protected":false},"featured_media":195519,"comment_status":"open","ping_status":"closed","template":"","meta":{"_acf_changed":false},"product_brand":[14011],"product_cat":[13939],"product_tag":[],"class_list":{"0":"post-195518","1":"product","2":"type-product","3":"status-publish","4":"has-post-thumbnail","6":"product_brand-roly","7":"product_cat-deportivo","8":"tm-no-options","10":"first","11":"instock","12":"taxable","13":"shipping-taxable","14":"product-type-variable"},"acf":[],"_links":{"self":[{"href":"https:\/\/grupotextil.es\/en\/wp-json\/wp\/v2\/product\/195518","targetHints":{"allow":["GET"]}}],"collection":[{"href":"https:\/\/grupotextil.es\/en\/wp-json\/wp\/v2\/product"}],"about":[{"href":"https:\/\/grupotextil.es\/en\/wp-json\/wp\/v2\/types\/product"}],"replies":[{"embeddable":true,"href":"https:\/\/grupotextil.es\/en\/wp-json\/wp\/v2\/comments?post=195518"}],"wp:featuredmedia":[{"embeddable":true,"href":"https:\/\/grupotextil.es\/en\/wp-json\/wp\/v2\/media\/195519"}],"wp:attachment":[{"href":"https:\/\/grupotextil.es\/en\/wp-json\/wp\/v2\/media?parent=195518"}],"wp:term":[{"taxonomy":"product_brand","embeddable":true,"href":"https:\/\/grupotextil.es\/en\/wp-json\/wp\/v2\/product_brand?post=195518"},{"taxonomy":"product_cat","embeddable":true,"href":"https:\/\/grupotextil.es\/en\/wp-json\/wp\/v2\/product_cat?post=195518"},{"taxonomy":"product_tag","embeddable":true,"href":"https:\/\/grupotextil.es\/en\/wp-json\/wp\/v2\/product_tag?post=195518"}],"curies":[{"name":"wp","href":"https:\/\/api.w.org\/{rel}","templated":true}]}}