{"id":195607,"date":"2026-03-03T23:31:24","date_gmt":"2026-03-03T22:31:24","guid":{"rendered":"https:\/\/grupotextil.es\/producto\/camiseta-iconic-unisex-stanley-stella-creator-2-0-sttu169\/"},"modified":"2026-03-10T01:58:46","modified_gmt":"2026-03-10T00:58:46","slug":"camiseta-iconic-unisex-stanley-stella-creator-2-0-sttu169","status":"publish","type":"product","link":"https:\/\/grupotextil.es\/en\/product\/camiseta-iconic-unisex-stanley-stella-creator-2-0-sttu169\/","title":{"rendered":"Camiseta Iconic Unisex Stanley\/Stella Creator 2.0 STTU169"},"content":{"rendered":"<p>Camiseta unisex Iconic. Manga montada. Canal\u00e9 1\u00d71 en el cuello. Pespunte de doble aguja en pu\u00f1os y bajo. Cinta de refuerzo interior en el cuello del mismo tejido. Acabados cuidados para mayor durabilidad y confort.<\/p>","protected":false},"excerpt":{"rendered":"<p>Camiseta unisex Iconic. Manga montada. Canal\u00e9 1\u00d71 en el cuello. Pespunte de doble aguja en pu\u00f1os y bajo. Cinta de refuerzo interior en el cuello del mismo tejido. Acabados cuidados para mayor durabilidad y confort.<\/p>","protected":false},"featured_media":195608,"comment_status":"open","ping_status":"closed","template":"","meta":{"_acf_changed":false},"product_brand":[14178],"product_cat":[13977,13974,13973,9841],"product_tag":[],"class_list":{"0":"post-195607","1":"product","2":"type-product","3":"status-publish","4":"has-post-thumbnail","6":"product_brand-stanley-stella","7":"product_cat-h-camisetas-manga-corta","8":"product_cat-ropa-hombre","9":"product_cat-ropa","10":"product_cat-sostenible","11":"tm-no-options","13":"first","14":"instock","15":"taxable","16":"shipping-taxable","17":"product-type-variable"},"acf":[],"_links":{"self":[{"href":"https:\/\/grupotextil.es\/en\/wp-json\/wp\/v2\/product\/195607","targetHints":{"allow":["GET"]}}],"collection":[{"href":"https:\/\/grupotextil.es\/en\/wp-json\/wp\/v2\/product"}],"about":[{"href":"https:\/\/grupotextil.es\/en\/wp-json\/wp\/v2\/types\/product"}],"replies":[{"embeddable":true,"href":"https:\/\/grupotextil.es\/en\/wp-json\/wp\/v2\/comments?post=195607"}],"wp:featuredmedia":[{"embeddable":true,"href":"https:\/\/grupotextil.es\/en\/wp-json\/wp\/v2\/media\/195608"}],"wp:attachment":[{"href":"https:\/\/grupotextil.es\/en\/wp-json\/wp\/v2\/media?parent=195607"}],"wp:term":[{"taxonomy":"product_brand","embeddable":true,"href":"https:\/\/grupotextil.es\/en\/wp-json\/wp\/v2\/product_brand?post=195607"},{"taxonomy":"product_cat","embeddable":true,"href":"https:\/\/grupotextil.es\/en\/wp-json\/wp\/v2\/product_cat?post=195607"},{"taxonomy":"product_tag","embeddable":true,"href":"https:\/\/grupotextil.es\/en\/wp-json\/wp\/v2\/product_tag?post=195607"}],"curies":[{"name":"wp","href":"https:\/\/api.w.org\/{rel}","templated":true}]}}