{"id":195716,"date":"2026-03-03T23:32:03","date_gmt":"2026-03-03T22:32:03","guid":{"rendered":"https:\/\/grupotextil.es\/producto\/pantalon-roly-larisa-1170-mujer\/"},"modified":"2026-03-04T06:13:45","modified_gmt":"2026-03-04T05:13:45","slug":"pantalon-roly-larisa-1170-mujer","status":"publish","type":"product","link":"https:\/\/grupotextil.es\/en\/product\/pantalon-roly-larisa-1170-mujer\/","title":{"rendered":"Pantal\u00f3n Roly Larisa 1170 Mujer"},"content":{"rendered":"<p>Pantal\u00f3n de mujer en tejido el\u00e1stico. Cinturilla con cord\u00f3n ajustable y el\u00e1stico en la parte trasera. Pinzas en la parte delantera. Dos bolsillos frontales. Dos bolsillos traseros decorativos<\/p>","protected":false},"excerpt":{"rendered":"<p>Pantal\u00f3n de mujer en tejido el\u00e1stico. Cinturilla con cord\u00f3n ajustable y el\u00e1stico en la parte trasera. Pinzas en la parte delantera. Dos bolsillos frontales. Dos bolsillos traseros decorativos<\/p>","protected":false},"featured_media":195717,"comment_status":"open","ping_status":"closed","template":"","meta":{"_acf_changed":false},"product_brand":[14011],"product_cat":[13948,13974,13975,13992,13983,13973],"product_tag":[],"class_list":{"0":"post-195716","1":"product","2":"type-product","3":"status-publish","4":"has-post-thumbnail","6":"product_brand-roly","7":"product_cat-accesorios","8":"product_cat-ropa-hombre","9":"product_cat-ropa-mujer","10":"product_cat-m-pantalones","11":"product_cat-h-pantalones","12":"product_cat-ropa","13":"tm-no-options","15":"first","16":"instock","17":"taxable","18":"shipping-taxable","19":"product-type-variable"},"acf":[],"_links":{"self":[{"href":"https:\/\/grupotextil.es\/en\/wp-json\/wp\/v2\/product\/195716","targetHints":{"allow":["GET"]}}],"collection":[{"href":"https:\/\/grupotextil.es\/en\/wp-json\/wp\/v2\/product"}],"about":[{"href":"https:\/\/grupotextil.es\/en\/wp-json\/wp\/v2\/types\/product"}],"replies":[{"embeddable":true,"href":"https:\/\/grupotextil.es\/en\/wp-json\/wp\/v2\/comments?post=195716"}],"wp:featuredmedia":[{"embeddable":true,"href":"https:\/\/grupotextil.es\/en\/wp-json\/wp\/v2\/media\/195717"}],"wp:attachment":[{"href":"https:\/\/grupotextil.es\/en\/wp-json\/wp\/v2\/media?parent=195716"}],"wp:term":[{"taxonomy":"product_brand","embeddable":true,"href":"https:\/\/grupotextil.es\/en\/wp-json\/wp\/v2\/product_brand?post=195716"},{"taxonomy":"product_cat","embeddable":true,"href":"https:\/\/grupotextil.es\/en\/wp-json\/wp\/v2\/product_cat?post=195716"},{"taxonomy":"product_tag","embeddable":true,"href":"https:\/\/grupotextil.es\/en\/wp-json\/wp\/v2\/product_tag?post=195716"}],"curies":[{"name":"wp","href":"https:\/\/api.w.org\/{rel}","templated":true}]}}