{"id":195822,"date":"2026-03-03T23:32:40","date_gmt":"2026-03-03T22:32:40","guid":{"rendered":"https:\/\/grupotextil.es\/producto\/pantalon-roly-beverly-9145-hombre\/"},"modified":"2026-03-04T06:13:46","modified_gmt":"2026-03-04T05:13:46","slug":"pantalon-roly-beverly-9145-hombre","status":"publish","type":"product","link":"https:\/\/grupotextil.es\/en\/product\/pantalon-roly-beverly-9145-hombre\/","title":{"rendered":"Pantal\u00f3n Roly Beverly 9145 Hombre"},"content":{"rendered":"<p>Pantal\u00f3n largo de hombre. Trabillas para cintur\u00f3n. Cierre con cremallera y bot\u00f3n. Trabillas para cintur\u00f3n. Bolsillos laterales. Bolsillo frontal derecho portamonedas. Bolsillo trasero derecho de ojal con bot\u00f3n.<\/p>","protected":false},"excerpt":{"rendered":"<p>Pantal\u00f3n largo de hombre. Trabillas para cintur\u00f3n. Cierre con cremallera y bot\u00f3n. Trabillas para cintur\u00f3n. Bolsillos laterales. Bolsillo frontal derecho portamonedas. Bolsillo trasero derecho de ojal con bot\u00f3n.<\/p>","protected":false},"featured_media":195823,"comment_status":"open","ping_status":"closed","template":"","meta":{"_acf_changed":false},"product_brand":[14011],"product_cat":[13932,13930,13935],"product_tag":[],"class_list":{"0":"post-195822","1":"product","2":"type-product","3":"status-publish","4":"has-post-thumbnail","6":"product_brand-roly","7":"product_cat-hosteleria-horeca","8":"product_cat-laboral","9":"product_cat-pantalones-cocina","10":"tm-no-options","12":"first","13":"instock","14":"taxable","15":"shipping-taxable","16":"product-type-variable"},"acf":[],"_links":{"self":[{"href":"https:\/\/grupotextil.es\/en\/wp-json\/wp\/v2\/product\/195822","targetHints":{"allow":["GET"]}}],"collection":[{"href":"https:\/\/grupotextil.es\/en\/wp-json\/wp\/v2\/product"}],"about":[{"href":"https:\/\/grupotextil.es\/en\/wp-json\/wp\/v2\/types\/product"}],"replies":[{"embeddable":true,"href":"https:\/\/grupotextil.es\/en\/wp-json\/wp\/v2\/comments?post=195822"}],"wp:featuredmedia":[{"embeddable":true,"href":"https:\/\/grupotextil.es\/en\/wp-json\/wp\/v2\/media\/195823"}],"wp:attachment":[{"href":"https:\/\/grupotextil.es\/en\/wp-json\/wp\/v2\/media?parent=195822"}],"wp:term":[{"taxonomy":"product_brand","embeddable":true,"href":"https:\/\/grupotextil.es\/en\/wp-json\/wp\/v2\/product_brand?post=195822"},{"taxonomy":"product_cat","embeddable":true,"href":"https:\/\/grupotextil.es\/en\/wp-json\/wp\/v2\/product_cat?post=195822"},{"taxonomy":"product_tag","embeddable":true,"href":"https:\/\/grupotextil.es\/en\/wp-json\/wp\/v2\/product_tag?post=195822"}],"curies":[{"name":"wp","href":"https:\/\/api.w.org\/{rel}","templated":true}]}}