{"id":196042,"date":"2026-03-03T23:34:11","date_gmt":"2026-03-03T22:34:11","guid":{"rendered":"https:\/\/grupotextil.es\/producto\/libreta-a5-stamina-soral-1273\/"},"modified":"2026-03-04T06:13:46","modified_gmt":"2026-03-04T05:13:46","slug":"libreta-a5-stamina-soral-1273","status":"publish","type":"product","link":"https:\/\/grupotextil.es\/en\/product\/libreta-a5-stamina-soral-1273\/","title":{"rendered":"Libreta A5 Stamina Soral 1273"},"content":{"rendered":"<p>Bloc de notas A5 con tapas en algod\u00f3n. Marcap\u00e1ginas y banda el\u00e1stica. 80 hojas lisas.<\/p>","protected":false},"excerpt":{"rendered":"<p>Bloc de notas A5 con tapas en algod\u00f3n. Marcap\u00e1ginas y banda el\u00e1stica. 80 hojas lisas.<\/p>","protected":false},"featured_media":196043,"comment_status":"open","ping_status":"closed","template":"","meta":{"_acf_changed":false},"product_brand":[14012],"product_cat":[14006,13972],"product_tag":[],"class_list":{"0":"post-196042","1":"product","2":"type-product","3":"status-publish","4":"has-post-thumbnail","6":"product_brand-stamina","7":"product_cat-acc-merchandising","8":"product_cat-oficina-y-escritura","9":"tm-no-options","11":"first","12":"instock","13":"taxable","14":"shipping-taxable","15":"product-type-variable"},"acf":[],"_links":{"self":[{"href":"https:\/\/grupotextil.es\/en\/wp-json\/wp\/v2\/product\/196042","targetHints":{"allow":["GET"]}}],"collection":[{"href":"https:\/\/grupotextil.es\/en\/wp-json\/wp\/v2\/product"}],"about":[{"href":"https:\/\/grupotextil.es\/en\/wp-json\/wp\/v2\/types\/product"}],"replies":[{"embeddable":true,"href":"https:\/\/grupotextil.es\/en\/wp-json\/wp\/v2\/comments?post=196042"}],"wp:featuredmedia":[{"embeddable":true,"href":"https:\/\/grupotextil.es\/en\/wp-json\/wp\/v2\/media\/196043"}],"wp:attachment":[{"href":"https:\/\/grupotextil.es\/en\/wp-json\/wp\/v2\/media?parent=196042"}],"wp:term":[{"taxonomy":"product_brand","embeddable":true,"href":"https:\/\/grupotextil.es\/en\/wp-json\/wp\/v2\/product_brand?post=196042"},{"taxonomy":"product_cat","embeddable":true,"href":"https:\/\/grupotextil.es\/en\/wp-json\/wp\/v2\/product_cat?post=196042"},{"taxonomy":"product_tag","embeddable":true,"href":"https:\/\/grupotextil.es\/en\/wp-json\/wp\/v2\/product_tag?post=196042"}],"curies":[{"name":"wp","href":"https:\/\/api.w.org\/{rel}","templated":true}]}}