{"id":196257,"date":"2026-03-03T23:36:10","date_gmt":"2026-03-03T22:36:10","guid":{"rendered":"https:\/\/grupotextil.es\/producto\/jersey-roly-hilux-8417-hombre\/"},"modified":"2026-03-04T06:13:47","modified_gmt":"2026-03-04T05:13:47","slug":"jersey-roly-hilux-8417-hombre","status":"publish","type":"product","link":"https:\/\/grupotextil.es\/en\/product\/jersey-roly-hilux-8417-hombre\/","title":{"rendered":"Jersey Roly Hilux 8417 Hombre"},"content":{"rendered":"<p>Jersey para hombre con escote de pico en punto fino. Acabado en punto de canal\u00e9 1\u00d71 al tono en escote, pu\u00f1os y bajo.<\/p>","protected":false},"excerpt":{"rendered":"<p>Jersey para hombre con escote de pico en punto fino. Acabado en punto de canal\u00e9 1\u00d71 al tono en escote, pu\u00f1os y bajo.<\/p>","protected":false},"featured_media":196258,"comment_status":"open","ping_status":"closed","template":"","meta":{"_acf_changed":false},"product_brand":[14011],"product_cat":[13932,13930],"product_tag":[],"class_list":{"0":"post-196257","1":"product","2":"type-product","3":"status-publish","4":"has-post-thumbnail","6":"product_brand-roly","7":"product_cat-hosteleria-horeca","8":"product_cat-laboral","9":"tm-no-options","11":"first","12":"instock","13":"taxable","14":"shipping-taxable","15":"product-type-variable"},"acf":[],"_links":{"self":[{"href":"https:\/\/grupotextil.es\/en\/wp-json\/wp\/v2\/product\/196257","targetHints":{"allow":["GET"]}}],"collection":[{"href":"https:\/\/grupotextil.es\/en\/wp-json\/wp\/v2\/product"}],"about":[{"href":"https:\/\/grupotextil.es\/en\/wp-json\/wp\/v2\/types\/product"}],"replies":[{"embeddable":true,"href":"https:\/\/grupotextil.es\/en\/wp-json\/wp\/v2\/comments?post=196257"}],"wp:featuredmedia":[{"embeddable":true,"href":"https:\/\/grupotextil.es\/en\/wp-json\/wp\/v2\/media\/196258"}],"wp:attachment":[{"href":"https:\/\/grupotextil.es\/en\/wp-json\/wp\/v2\/media?parent=196257"}],"wp:term":[{"taxonomy":"product_brand","embeddable":true,"href":"https:\/\/grupotextil.es\/en\/wp-json\/wp\/v2\/product_brand?post=196257"},{"taxonomy":"product_cat","embeddable":true,"href":"https:\/\/grupotextil.es\/en\/wp-json\/wp\/v2\/product_cat?post=196257"},{"taxonomy":"product_tag","embeddable":true,"href":"https:\/\/grupotextil.es\/en\/wp-json\/wp\/v2\/product_tag?post=196257"}],"curies":[{"name":"wp","href":"https:\/\/api.w.org\/{rel}","templated":true}]}}