{"id":196306,"date":"2026-03-03T23:36:38","date_gmt":"2026-03-03T22:36:38","guid":{"rendered":"https:\/\/grupotextil.es\/producto\/pantalon-tecnico-roly-murray-0306-hombre\/"},"modified":"2026-03-10T01:58:46","modified_gmt":"2026-03-10T00:58:46","slug":"pantalon-tecnico-roly-murray-0306-hombre","status":"publish","type":"product","link":"https:\/\/grupotextil.es\/en\/product\/pantalon-tecnico-roly-murray-0306-hombre\/","title":{"rendered":"Pantal\u00f3n T\u00e9cnico Roly Murray 0306 Hombre"},"content":{"rendered":"<p>Pantal\u00f3n corto t\u00e9cnico para hombre ligero y el\u00e1stico realizado en poli\u00e9ster reciclado. Cinturilla el\u00e1stica con cordones y banda el\u00e1stica en parte trasera. Amplios bolsillos laterales. Bajos con dobladillos termosellados. Combinado con tejido microperforado en canes\u00fa y en bolsillos para una mejor transpiraci\u00f3n.<\/p>","protected":false},"excerpt":{"rendered":"<p>Pantal\u00f3n corto t\u00e9cnico para hombre ligero y el\u00e1stico realizado en poli\u00e9ster reciclado. Cinturilla el\u00e1stica con cordones y banda el\u00e1stica en parte trasera. Amplios bolsillos laterales. Bajos con dobladillos termosellados. Combinado con tejido microperforado en canes\u00fa y en bolsillos para una mejor transpiraci\u00f3n.<\/p>","protected":false},"featured_media":196307,"comment_status":"open","ping_status":"closed","template":"","meta":{"_acf_changed":false},"product_brand":[14011],"product_cat":[13939,13974,13983,13973],"product_tag":[],"class_list":{"0":"post-196306","1":"product","2":"type-product","3":"status-publish","4":"has-post-thumbnail","6":"product_brand-roly","7":"product_cat-deportivo","8":"product_cat-ropa-hombre","9":"product_cat-h-pantalones","10":"product_cat-ropa","11":"tm-no-options","13":"first","14":"instock","15":"taxable","16":"shipping-taxable","17":"product-type-variable"},"acf":[],"_links":{"self":[{"href":"https:\/\/grupotextil.es\/en\/wp-json\/wp\/v2\/product\/196306","targetHints":{"allow":["GET"]}}],"collection":[{"href":"https:\/\/grupotextil.es\/en\/wp-json\/wp\/v2\/product"}],"about":[{"href":"https:\/\/grupotextil.es\/en\/wp-json\/wp\/v2\/types\/product"}],"replies":[{"embeddable":true,"href":"https:\/\/grupotextil.es\/en\/wp-json\/wp\/v2\/comments?post=196306"}],"wp:featuredmedia":[{"embeddable":true,"href":"https:\/\/grupotextil.es\/en\/wp-json\/wp\/v2\/media\/196307"}],"wp:attachment":[{"href":"https:\/\/grupotextil.es\/en\/wp-json\/wp\/v2\/media?parent=196306"}],"wp:term":[{"taxonomy":"product_brand","embeddable":true,"href":"https:\/\/grupotextil.es\/en\/wp-json\/wp\/v2\/product_brand?post=196306"},{"taxonomy":"product_cat","embeddable":true,"href":"https:\/\/grupotextil.es\/en\/wp-json\/wp\/v2\/product_cat?post=196306"},{"taxonomy":"product_tag","embeddable":true,"href":"https:\/\/grupotextil.es\/en\/wp-json\/wp\/v2\/product_tag?post=196306"}],"curies":[{"name":"wp","href":"https:\/\/api.w.org\/{rel}","templated":true}]}}