{"id":196323,"date":"2026-03-03T23:36:56","date_gmt":"2026-03-03T22:36:56","guid":{"rendered":"https:\/\/grupotextil.es\/producto\/pantalon-roly-patrol-9109-unisex\/"},"modified":"2026-03-04T06:13:47","modified_gmt":"2026-03-04T05:13:47","slug":"pantalon-roly-patrol-9109-unisex","status":"publish","type":"product","link":"https:\/\/grupotextil.es\/en\/product\/pantalon-roly-patrol-9109-unisex\/","title":{"rendered":"Pantal\u00f3n Roly Patrol 9109 Unisex"},"content":{"rendered":"<p>Pantal\u00f3n largo unisex en tejido t\u00e9cnico. Cintura ajustable el\u00e1stica en la parte trasera. Trabillas para cintur\u00f3n. Dos bolsillos laterales de corte cl\u00e1sico. Dos bolsillos laterales en las costuras con cremalleras invisibles. Un bolsillo trasero con cierre autom\u00e1tico. Pinzas en las rodillas. Doble costura en el interior de la pierna, entrepierna, bajo y canes\u00fa trasero. Bajos con ajustador de PVC y cord\u00f3n el\u00e1stico.<\/p>","protected":false},"excerpt":{"rendered":"<p>Pantal\u00f3n largo unisex en tejido t\u00e9cnico. Cintura ajustable el\u00e1stica en la parte trasera. Trabillas para cintur\u00f3n. Dos bolsillos laterales de corte cl\u00e1sico. Dos bolsillos laterales en las costuras con cremalleras invisibles. Un bolsillo trasero con cierre autom\u00e1tico. Pinzas en las rodillas. Doble costura en el interior de la pierna, entrepierna, bajo y canes\u00fa trasero. Bajos con ajustador de PVC y cord\u00f3n el\u00e1stico.<\/p>","protected":false},"featured_media":196324,"comment_status":"open","ping_status":"closed","template":"","meta":{"_acf_changed":false},"product_brand":[14011],"product_cat":[13974,13967,13930,13975,13983,13992,13973],"product_tag":[],"class_list":{"0":"post-196323","1":"product","2":"type-product","3":"status-publish","4":"has-post-thumbnail","6":"product_brand-roly","7":"product_cat-ropa-hombre","8":"product_cat-rl-industria-y-servicios","9":"product_cat-laboral","10":"product_cat-ropa-mujer","11":"product_cat-h-pantalones","12":"product_cat-m-pantalones","13":"product_cat-ropa","14":"tm-no-options","16":"first","17":"instock","18":"taxable","19":"shipping-taxable","20":"product-type-variable"},"acf":[],"_links":{"self":[{"href":"https:\/\/grupotextil.es\/en\/wp-json\/wp\/v2\/product\/196323","targetHints":{"allow":["GET"]}}],"collection":[{"href":"https:\/\/grupotextil.es\/en\/wp-json\/wp\/v2\/product"}],"about":[{"href":"https:\/\/grupotextil.es\/en\/wp-json\/wp\/v2\/types\/product"}],"replies":[{"embeddable":true,"href":"https:\/\/grupotextil.es\/en\/wp-json\/wp\/v2\/comments?post=196323"}],"wp:featuredmedia":[{"embeddable":true,"href":"https:\/\/grupotextil.es\/en\/wp-json\/wp\/v2\/media\/196324"}],"wp:attachment":[{"href":"https:\/\/grupotextil.es\/en\/wp-json\/wp\/v2\/media?parent=196323"}],"wp:term":[{"taxonomy":"product_brand","embeddable":true,"href":"https:\/\/grupotextil.es\/en\/wp-json\/wp\/v2\/product_brand?post=196323"},{"taxonomy":"product_cat","embeddable":true,"href":"https:\/\/grupotextil.es\/en\/wp-json\/wp\/v2\/product_cat?post=196323"},{"taxonomy":"product_tag","embeddable":true,"href":"https:\/\/grupotextil.es\/en\/wp-json\/wp\/v2\/product_tag?post=196323"}],"curies":[{"name":"wp","href":"https:\/\/api.w.org\/{rel}","templated":true}]}}