{"id":196761,"date":"2026-03-03T23:40:01","date_gmt":"2026-03-03T22:40:01","guid":{"rendered":"https:\/\/grupotextil.es\/producto\/lapiz-con-goma-stamina-konax-1185\/"},"modified":"2026-03-04T06:13:49","modified_gmt":"2026-03-04T05:13:49","slug":"lapiz-con-goma-stamina-konax-1185","status":"publish","type":"product","link":"https:\/\/grupotextil.es\/en\/product\/lapiz-con-goma-stamina-konax-1185\/","title":{"rendered":"L\u00e1piz con Goma Stamina Konax 1185"},"content":{"rendered":"<p>L\u00e1piz con cuerpo elaborado en madera, color negro mate con goma y detalles a conjunto. Dise\u00f1o elegante y escritura suave. Se sirve con punta afilada para ofrecer una escritura suave.<\/p>","protected":false},"excerpt":{"rendered":"<p>L\u00e1piz con cuerpo elaborado en madera, color negro mate con goma y detalles a conjunto. Dise\u00f1o elegante y escritura suave. Se sirve con punta afilada para ofrecer una escritura suave.<\/p>","protected":false},"featured_media":196762,"comment_status":"open","ping_status":"closed","template":"","meta":{"_acf_changed":false},"product_brand":[14012],"product_cat":[14006,13972],"product_tag":[],"class_list":{"0":"post-196761","1":"product","2":"type-product","3":"status-publish","4":"has-post-thumbnail","6":"product_brand-stamina","7":"product_cat-acc-merchandising","8":"product_cat-oficina-y-escritura","9":"tm-no-options","11":"first","12":"instock","13":"taxable","14":"shipping-taxable","15":"product-type-variable"},"acf":[],"_links":{"self":[{"href":"https:\/\/grupotextil.es\/en\/wp-json\/wp\/v2\/product\/196761","targetHints":{"allow":["GET"]}}],"collection":[{"href":"https:\/\/grupotextil.es\/en\/wp-json\/wp\/v2\/product"}],"about":[{"href":"https:\/\/grupotextil.es\/en\/wp-json\/wp\/v2\/types\/product"}],"replies":[{"embeddable":true,"href":"https:\/\/grupotextil.es\/en\/wp-json\/wp\/v2\/comments?post=196761"}],"wp:featuredmedia":[{"embeddable":true,"href":"https:\/\/grupotextil.es\/en\/wp-json\/wp\/v2\/media\/196762"}],"wp:attachment":[{"href":"https:\/\/grupotextil.es\/en\/wp-json\/wp\/v2\/media?parent=196761"}],"wp:term":[{"taxonomy":"product_brand","embeddable":true,"href":"https:\/\/grupotextil.es\/en\/wp-json\/wp\/v2\/product_brand?post=196761"},{"taxonomy":"product_cat","embeddable":true,"href":"https:\/\/grupotextil.es\/en\/wp-json\/wp\/v2\/product_cat?post=196761"},{"taxonomy":"product_tag","embeddable":true,"href":"https:\/\/grupotextil.es\/en\/wp-json\/wp\/v2\/product_tag?post=196761"}],"curies":[{"name":"wp","href":"https:\/\/api.w.org\/{rel}","templated":true}]}}