{"id":196768,"date":"2026-03-03T23:40:11","date_gmt":"2026-03-03T22:40:11","guid":{"rendered":"https:\/\/grupotextil.es\/producto\/taza-sublimacion-stamina-kumbo-4002\/"},"modified":"2026-03-04T06:13:49","modified_gmt":"2026-03-04T05:13:49","slug":"taza-sublimacion-stamina-kumbo-4002","status":"publish","type":"product","link":"https:\/\/grupotextil.es\/en\/product\/taza-sublimacion-stamina-kumbo-4002\/","title":{"rendered":"Taza Sublimaci\u00f3n Stamina Kumbo 4002"},"content":{"rendered":"<p>Taza de cer\u00e1mica con dise\u00f1o retro especial para sublimar con tu dise\u00f1o favorito. Capacidad de 300 ml. Cuenta con el borde a color, lo que le confiere un aspecto m\u00e1s retro y un asa en blanco, a conjunto del cuerpo.<\/p>","protected":false},"excerpt":{"rendered":"<p>Taza de cer\u00e1mica con dise\u00f1o retro especial para sublimar con tu dise\u00f1o favorito. Capacidad de 300 ml. Cuenta con el borde a color, lo que le confiere un aspecto m\u00e1s retro y un asa en blanco, a conjunto del cuerpo.<\/p>","protected":false},"featured_media":196769,"comment_status":"open","ping_status":"closed","template":"","meta":{"_acf_changed":false},"product_brand":[14012],"product_cat":[14006,13971],"product_tag":[],"class_list":{"0":"post-196768","1":"product","2":"type-product","3":"status-publish","4":"has-post-thumbnail","6":"product_brand-stamina","7":"product_cat-acc-merchandising","8":"product_cat-mr-tazas","9":"tm-no-options","11":"first","12":"instock","13":"taxable","14":"shipping-taxable","15":"product-type-variable"},"acf":[],"_links":{"self":[{"href":"https:\/\/grupotextil.es\/en\/wp-json\/wp\/v2\/product\/196768","targetHints":{"allow":["GET"]}}],"collection":[{"href":"https:\/\/grupotextil.es\/en\/wp-json\/wp\/v2\/product"}],"about":[{"href":"https:\/\/grupotextil.es\/en\/wp-json\/wp\/v2\/types\/product"}],"replies":[{"embeddable":true,"href":"https:\/\/grupotextil.es\/en\/wp-json\/wp\/v2\/comments?post=196768"}],"wp:featuredmedia":[{"embeddable":true,"href":"https:\/\/grupotextil.es\/en\/wp-json\/wp\/v2\/media\/196769"}],"wp:attachment":[{"href":"https:\/\/grupotextil.es\/en\/wp-json\/wp\/v2\/media?parent=196768"}],"wp:term":[{"taxonomy":"product_brand","embeddable":true,"href":"https:\/\/grupotextil.es\/en\/wp-json\/wp\/v2\/product_brand?post=196768"},{"taxonomy":"product_cat","embeddable":true,"href":"https:\/\/grupotextil.es\/en\/wp-json\/wp\/v2\/product_cat?post=196768"},{"taxonomy":"product_tag","embeddable":true,"href":"https:\/\/grupotextil.es\/en\/wp-json\/wp\/v2\/product_tag?post=196768"}],"curies":[{"name":"wp","href":"https:\/\/api.w.org\/{rel}","templated":true}]}}