{"id":196877,"date":"2026-03-03T23:43:19","date_gmt":"2026-03-03T22:43:19","guid":{"rendered":"https:\/\/grupotextil.es\/producto\/mochila-nevera-stamina-sakra-7088\/"},"modified":"2026-03-04T06:13:50","modified_gmt":"2026-03-04T05:13:50","slug":"mochila-nevera-stamina-sakra-7088","status":"publish","type":"product","link":"https:\/\/grupotextil.es\/en\/product\/mochila-nevera-stamina-sakra-7088\/","title":{"rendered":"Mochila Nevera Stamina Sakra 7088"},"content":{"rendered":"<p>Mochila nevera de poli\u00e9ster 210D Ripstop. Bolsillo principal y frontal con interior isot\u00e9rmico. Compartimento de cuerda el\u00e1stica frontal y bolsillos laterales de rejilla.<\/p>","protected":false},"excerpt":{"rendered":"<p>Mochila nevera de poli\u00e9ster 210D Ripstop. Bolsillo principal y frontal con interior isot\u00e9rmico. Compartimento de cuerda el\u00e1stica frontal y bolsillos laterales de rejilla.<\/p>","protected":false},"featured_media":196878,"comment_status":"open","ping_status":"closed","template":"","meta":{"_acf_changed":false},"product_brand":[14012],"product_cat":[13954],"product_tag":[],"class_list":{"0":"post-196877","1":"product","2":"type-product","3":"status-publish","4":"has-post-thumbnail","6":"product_brand-stamina","7":"product_cat-acc-bolsas-y-mochilas","8":"tm-no-options","10":"first","11":"instock","12":"taxable","13":"shipping-taxable","14":"product-type-variable"},"acf":[],"_links":{"self":[{"href":"https:\/\/grupotextil.es\/en\/wp-json\/wp\/v2\/product\/196877","targetHints":{"allow":["GET"]}}],"collection":[{"href":"https:\/\/grupotextil.es\/en\/wp-json\/wp\/v2\/product"}],"about":[{"href":"https:\/\/grupotextil.es\/en\/wp-json\/wp\/v2\/types\/product"}],"replies":[{"embeddable":true,"href":"https:\/\/grupotextil.es\/en\/wp-json\/wp\/v2\/comments?post=196877"}],"wp:featuredmedia":[{"embeddable":true,"href":"https:\/\/grupotextil.es\/en\/wp-json\/wp\/v2\/media\/196878"}],"wp:attachment":[{"href":"https:\/\/grupotextil.es\/en\/wp-json\/wp\/v2\/media?parent=196877"}],"wp:term":[{"taxonomy":"product_brand","embeddable":true,"href":"https:\/\/grupotextil.es\/en\/wp-json\/wp\/v2\/product_brand?post=196877"},{"taxonomy":"product_cat","embeddable":true,"href":"https:\/\/grupotextil.es\/en\/wp-json\/wp\/v2\/product_cat?post=196877"},{"taxonomy":"product_tag","embeddable":true,"href":"https:\/\/grupotextil.es\/en\/wp-json\/wp\/v2\/product_tag?post=196877"}],"curies":[{"name":"wp","href":"https:\/\/api.w.org\/{rel}","templated":true}]}}