{"id":196905,"date":"2026-03-03T23:43:53","date_gmt":"2026-03-03T22:43:53","guid":{"rendered":"https:\/\/grupotextil.es\/producto\/camiseta-organica-roly-breda-6698-hombre\/"},"modified":"2026-03-10T01:58:45","modified_gmt":"2026-03-10T00:58:45","slug":"camiseta-organica-roly-breda-6698-hombre","status":"publish","type":"product","link":"https:\/\/grupotextil.es\/en\/product\/camiseta-organica-roly-breda-6698-hombre\/","title":{"rendered":"Camiseta Org\u00e1nica Roly Breda 6698 Hombre"},"content":{"rendered":"<p class=\"product-short-desc\" data-v-0dde63d0=\"\">Camiseta tubular de manga corta en algod\u00f3n org\u00e1nico certificado OCS. Cuello redondo en canal\u00e9 1\u00d71. Cubrecosturas reforzado en cuello.<\/p>","protected":false},"excerpt":{"rendered":"<p class=\"product-short-desc\" data-v-0dde63d0=\"\">Camiseta tubular de manga corta en algod\u00f3n org\u00e1nico certificado OCS. Cuello redondo en canal\u00e9 1\u00d71. Cubrecosturas reforzado en cuello.<\/p>","protected":false},"featured_media":196906,"comment_status":"open","ping_status":"closed","template":"","meta":{"_acf_changed":false},"product_brand":[14011],"product_cat":[13931,13977,13974,13930,13973],"product_tag":[],"class_list":{"0":"post-196905","1":"product","2":"type-product","3":"status-publish","4":"has-post-thumbnail","6":"product_brand-roly","7":"product_cat-rl-alta-visibilidad","8":"product_cat-h-camisetas-manga-corta","9":"product_cat-ropa-hombre","10":"product_cat-laboral","11":"product_cat-ropa","12":"tm-no-options","14":"first","15":"instock","16":"taxable","17":"shipping-taxable","18":"product-type-variable"},"acf":[],"_links":{"self":[{"href":"https:\/\/grupotextil.es\/en\/wp-json\/wp\/v2\/product\/196905","targetHints":{"allow":["GET"]}}],"collection":[{"href":"https:\/\/grupotextil.es\/en\/wp-json\/wp\/v2\/product"}],"about":[{"href":"https:\/\/grupotextil.es\/en\/wp-json\/wp\/v2\/types\/product"}],"replies":[{"embeddable":true,"href":"https:\/\/grupotextil.es\/en\/wp-json\/wp\/v2\/comments?post=196905"}],"wp:featuredmedia":[{"embeddable":true,"href":"https:\/\/grupotextil.es\/en\/wp-json\/wp\/v2\/media\/196906"}],"wp:attachment":[{"href":"https:\/\/grupotextil.es\/en\/wp-json\/wp\/v2\/media?parent=196905"}],"wp:term":[{"taxonomy":"product_brand","embeddable":true,"href":"https:\/\/grupotextil.es\/en\/wp-json\/wp\/v2\/product_brand?post=196905"},{"taxonomy":"product_cat","embeddable":true,"href":"https:\/\/grupotextil.es\/en\/wp-json\/wp\/v2\/product_cat?post=196905"},{"taxonomy":"product_tag","embeddable":true,"href":"https:\/\/grupotextil.es\/en\/wp-json\/wp\/v2\/product_tag?post=196905"}],"curies":[{"name":"wp","href":"https:\/\/api.w.org\/{rel}","templated":true}]}}