{"id":197010,"date":"2026-03-03T23:44:14","date_gmt":"2026-03-03T22:44:14","guid":{"rendered":"https:\/\/grupotextil.es\/producto\/camiseta-tecnica-roly-slam-0304-hombre\/"},"modified":"2026-03-10T01:58:44","modified_gmt":"2026-03-10T00:58:44","slug":"camiseta-tecnica-roly-slam-0304-hombre","status":"publish","type":"product","link":"https:\/\/grupotextil.es\/en\/product\/camiseta-tecnica-roly-slam-0304-hombre\/","title":{"rendered":"Camiseta T\u00e9cnica Roly Slam 0304 Hombre"},"content":{"rendered":"<p>Camiseta t\u00e9cnica de manga corta para hombre. Tejido ligero realizado en poli\u00e9ster reciclado. Cuello con detalle cruzado y cubrecosturas. Canes\u00fa en espalda y piezas en mangas en tejido transpirable. Costuras adelantadas e inclinadas en laterales y hombros. Combinada en tejidos transpirables y el\u00e1sticos.<\/p>","protected":false},"excerpt":{"rendered":"<p>Camiseta t\u00e9cnica de manga corta para hombre. Tejido ligero realizado en poli\u00e9ster reciclado. Cuello con detalle cruzado y cubrecosturas. Canes\u00fa en espalda y piezas en mangas en tejido transpirable. Costuras adelantadas e inclinadas en laterales y hombros. Combinada en tejidos transpirables y el\u00e1sticos.<\/p>","protected":false},"featured_media":197011,"comment_status":"open","ping_status":"closed","template":"","meta":{"_acf_changed":false},"product_brand":[14011],"product_cat":[13977,13974,13973,14007,9841],"product_tag":[],"class_list":{"0":"post-197010","1":"product","2":"type-product","3":"status-publish","4":"has-post-thumbnail","6":"product_brand-roly","7":"product_cat-h-camisetas-manga-corta","8":"product_cat-ropa-hombre","9":"product_cat-ropa","10":"product_cat-ropa-organica","11":"product_cat-sostenible","12":"tm-no-options","14":"first","15":"instock","16":"taxable","17":"shipping-taxable","18":"product-type-variable"},"acf":[],"_links":{"self":[{"href":"https:\/\/grupotextil.es\/en\/wp-json\/wp\/v2\/product\/197010","targetHints":{"allow":["GET"]}}],"collection":[{"href":"https:\/\/grupotextil.es\/en\/wp-json\/wp\/v2\/product"}],"about":[{"href":"https:\/\/grupotextil.es\/en\/wp-json\/wp\/v2\/types\/product"}],"replies":[{"embeddable":true,"href":"https:\/\/grupotextil.es\/en\/wp-json\/wp\/v2\/comments?post=197010"}],"wp:featuredmedia":[{"embeddable":true,"href":"https:\/\/grupotextil.es\/en\/wp-json\/wp\/v2\/media\/197011"}],"wp:attachment":[{"href":"https:\/\/grupotextil.es\/en\/wp-json\/wp\/v2\/media?parent=197010"}],"wp:term":[{"taxonomy":"product_brand","embeddable":true,"href":"https:\/\/grupotextil.es\/en\/wp-json\/wp\/v2\/product_brand?post=197010"},{"taxonomy":"product_cat","embeddable":true,"href":"https:\/\/grupotextil.es\/en\/wp-json\/wp\/v2\/product_cat?post=197010"},{"taxonomy":"product_tag","embeddable":true,"href":"https:\/\/grupotextil.es\/en\/wp-json\/wp\/v2\/product_tag?post=197010"}],"curies":[{"name":"wp","href":"https:\/\/api.w.org\/{rel}","templated":true}]}}