{"id":197126,"date":"2026-03-03T23:44:58","date_gmt":"2026-03-03T22:44:58","guid":{"rendered":"https:\/\/grupotextil.es\/producto\/altavoz-bluetooth-con-carga-inalambrica-stamina-sakura-3191\/"},"modified":"2026-03-04T06:13:51","modified_gmt":"2026-03-04T05:13:51","slug":"altavoz-bluetooth-con-carga-inalambrica-stamina-sakura-3191","status":"publish","type":"product","link":"https:\/\/grupotextil.es\/en\/product\/altavoz-bluetooth-con-carga-inalambrica-stamina-sakura-3191\/","title":{"rendered":"Altavoz Bluetooth con Carga Inal\u00e1mbrica Stamina Sakura 3191"},"content":{"rendered":"<p>Altavoz Bluetooth realizado en material resistente al agua, con potencia de 10W. Cuenta con un tiempo de funcionamiento continuo de hasta 8 horas. Con funci\u00f3n de carga inal\u00e1mbrica de 5W para dispositivos provistos de esta tecnolog\u00eda y funci\u00f3n manos libres, con botones multifunci\u00f3n de control de llamada y micr\u00f3fono incorporado. Incluye indicador luminoso de carga y soporte para m\u00f3vil en la parte posterior.<\/p>","protected":false},"excerpt":{"rendered":"<p>Altavoz Bluetooth realizado en material resistente al agua, con potencia de 10W. Cuenta con un tiempo de funcionamiento continuo de hasta 8 horas. Con funci\u00f3n de carga inal\u00e1mbrica de 5W para dispositivos provistos de esta tecnolog\u00eda y funci\u00f3n manos libres, con botones multifunci\u00f3n de control de llamada y micr\u00f3fono incorporado. Incluye indicador luminoso de carga y soporte para m\u00f3vil en la parte posterior.<\/p>","protected":false},"featured_media":197127,"comment_status":"open","ping_status":"closed","template":"","meta":{"_acf_changed":false},"product_brand":[14012],"product_cat":[14006,13959],"product_tag":[],"class_list":{"0":"post-197126","1":"product","2":"type-product","3":"status-publish","4":"has-post-thumbnail","6":"product_brand-stamina","7":"product_cat-acc-merchandising","8":"product_cat-mr-tecnologia","9":"tm-no-options","11":"first","12":"instock","13":"taxable","14":"shipping-taxable","15":"product-type-variable"},"acf":[],"_links":{"self":[{"href":"https:\/\/grupotextil.es\/en\/wp-json\/wp\/v2\/product\/197126","targetHints":{"allow":["GET"]}}],"collection":[{"href":"https:\/\/grupotextil.es\/en\/wp-json\/wp\/v2\/product"}],"about":[{"href":"https:\/\/grupotextil.es\/en\/wp-json\/wp\/v2\/types\/product"}],"replies":[{"embeddable":true,"href":"https:\/\/grupotextil.es\/en\/wp-json\/wp\/v2\/comments?post=197126"}],"wp:featuredmedia":[{"embeddable":true,"href":"https:\/\/grupotextil.es\/en\/wp-json\/wp\/v2\/media\/197127"}],"wp:attachment":[{"href":"https:\/\/grupotextil.es\/en\/wp-json\/wp\/v2\/media?parent=197126"}],"wp:term":[{"taxonomy":"product_brand","embeddable":true,"href":"https:\/\/grupotextil.es\/en\/wp-json\/wp\/v2\/product_brand?post=197126"},{"taxonomy":"product_cat","embeddable":true,"href":"https:\/\/grupotextil.es\/en\/wp-json\/wp\/v2\/product_cat?post=197126"},{"taxonomy":"product_tag","embeddable":true,"href":"https:\/\/grupotextil.es\/en\/wp-json\/wp\/v2\/product_tag?post=197126"}],"curies":[{"name":"wp","href":"https:\/\/api.w.org\/{rel}","templated":true}]}}