{"id":197310,"date":"2026-03-03T23:47:22","date_gmt":"2026-03-03T22:47:22","guid":{"rendered":"https:\/\/grupotextil.es\/producto\/sudadera-alta-visibilidad-roly-spica-9314-hombre\/"},"modified":"2026-03-04T23:53:25","modified_gmt":"2026-03-04T22:53:25","slug":"sudadera-alta-visibilidad-roly-spica-9314-hombre","status":"publish","type":"product","link":"https:\/\/grupotextil.es\/en\/product\/sudadera-alta-visibilidad-roly-spica-9314-hombre\/","title":{"rendered":"Sudadera Alta Visibilidad Roly Spica 9314 Hombre"},"content":{"rendered":"<p>Sudadera de alta visibilidad con media cremallera.<\/p>\n<ul>\n<li>Cuello alto con protector de barbilla y tirador.<\/li>\n<li>Cubrecosturas reforzado en el interior del cuello.<\/li>\n<li>Dos cintas reflectantes horizontales en torso y mangas.<\/li>\n<li>Punto canal\u00e9 1\u00d71 en pu\u00f1os y bajo.<\/li>\n<\/ul>","protected":false},"excerpt":{"rendered":"<p>Sudadera de alta visibilidad con media cremallera.<\/p>\n<ul>\n<li>Cuello alto con protector de barbilla y tirador.<\/li>\n<li>Cubrecosturas reforzado en el interior del cuello.<\/li>\n<li>Dos cintas reflectantes horizontales en torso y mangas.<\/li>\n<li>Punto canal\u00e9 1\u00d71 en pu\u00f1os y bajo.<\/li>\n<\/ul>","protected":false},"featured_media":197311,"comment_status":"open","ping_status":"closed","template":"","meta":{"_acf_changed":false},"product_brand":[14011],"product_cat":[13931,13974,13930,13975,13973,13980,13989],"product_tag":[],"class_list":{"0":"post-197310","1":"product","2":"type-product","3":"status-publish","4":"has-post-thumbnail","6":"product_brand-roly","7":"product_cat-rl-alta-visibilidad","8":"product_cat-ropa-hombre","9":"product_cat-laboral","10":"product_cat-ropa-mujer","11":"product_cat-ropa","12":"product_cat-h-sudaderas","13":"product_cat-m-sudaderas","14":"tm-no-options","16":"first","17":"instock","18":"featured","19":"taxable","20":"shipping-taxable","21":"product-type-variable"},"acf":[],"_links":{"self":[{"href":"https:\/\/grupotextil.es\/en\/wp-json\/wp\/v2\/product\/197310","targetHints":{"allow":["GET"]}}],"collection":[{"href":"https:\/\/grupotextil.es\/en\/wp-json\/wp\/v2\/product"}],"about":[{"href":"https:\/\/grupotextil.es\/en\/wp-json\/wp\/v2\/types\/product"}],"replies":[{"embeddable":true,"href":"https:\/\/grupotextil.es\/en\/wp-json\/wp\/v2\/comments?post=197310"}],"wp:featuredmedia":[{"embeddable":true,"href":"https:\/\/grupotextil.es\/en\/wp-json\/wp\/v2\/media\/197311"}],"wp:attachment":[{"href":"https:\/\/grupotextil.es\/en\/wp-json\/wp\/v2\/media?parent=197310"}],"wp:term":[{"taxonomy":"product_brand","embeddable":true,"href":"https:\/\/grupotextil.es\/en\/wp-json\/wp\/v2\/product_brand?post=197310"},{"taxonomy":"product_cat","embeddable":true,"href":"https:\/\/grupotextil.es\/en\/wp-json\/wp\/v2\/product_cat?post=197310"},{"taxonomy":"product_tag","embeddable":true,"href":"https:\/\/grupotextil.es\/en\/wp-json\/wp\/v2\/product_tag?post=197310"}],"curies":[{"name":"wp","href":"https:\/\/api.w.org\/{rel}","templated":true}]}}