{"id":197915,"date":"2026-03-03T23:52:49","date_gmt":"2026-03-03T22:52:49","guid":{"rendered":"https:\/\/grupotextil.es\/producto\/bidon-de-acabado-mate-stamina-tarek-4125\/"},"modified":"2026-03-04T06:13:54","modified_gmt":"2026-03-04T05:13:54","slug":"bidon-de-acabado-mate-stamina-tarek-4125","status":"publish","type":"product","link":"https:\/\/grupotextil.es\/en\/product\/bidon-de-acabado-mate-stamina-tarek-4125\/","title":{"rendered":"Bid\u00f3n de Acabado Mate Stamina Tarek 4125"},"content":{"rendered":"<p>Bid\u00f3n de acero inoxidable 304 de acabado mate. Con capacidad para 790 ml. Tap\u00f3n a juego con el cuerpo de la botella. Disponible en varios colores acabado mate, con los que conseguir un dise\u00f1o diferente y atrevido.<\/p>","protected":false},"excerpt":{"rendered":"<p>Bid\u00f3n de acero inoxidable 304 de acabado mate. Con capacidad para 790 ml. Tap\u00f3n a juego con el cuerpo de la botella. Disponible en varios colores acabado mate, con los que conseguir un dise\u00f1o diferente y atrevido.<\/p>","protected":false},"featured_media":197916,"comment_status":"open","ping_status":"closed","template":"","meta":{"_acf_changed":false},"product_brand":[14012],"product_cat":[13958,14006,13971],"product_tag":[],"class_list":{"0":"post-197915","1":"product","2":"type-product","3":"status-publish","4":"has-post-thumbnail","6":"product_brand-stamina","7":"product_cat-mr-botellas-y-termos","8":"product_cat-acc-merchandising","9":"product_cat-mr-tazas","10":"tm-no-options","12":"first","13":"instock","14":"taxable","15":"shipping-taxable","16":"product-type-variable"},"acf":[],"_links":{"self":[{"href":"https:\/\/grupotextil.es\/en\/wp-json\/wp\/v2\/product\/197915","targetHints":{"allow":["GET"]}}],"collection":[{"href":"https:\/\/grupotextil.es\/en\/wp-json\/wp\/v2\/product"}],"about":[{"href":"https:\/\/grupotextil.es\/en\/wp-json\/wp\/v2\/types\/product"}],"replies":[{"embeddable":true,"href":"https:\/\/grupotextil.es\/en\/wp-json\/wp\/v2\/comments?post=197915"}],"wp:featuredmedia":[{"embeddable":true,"href":"https:\/\/grupotextil.es\/en\/wp-json\/wp\/v2\/media\/197916"}],"wp:attachment":[{"href":"https:\/\/grupotextil.es\/en\/wp-json\/wp\/v2\/media?parent=197915"}],"wp:term":[{"taxonomy":"product_brand","embeddable":true,"href":"https:\/\/grupotextil.es\/en\/wp-json\/wp\/v2\/product_brand?post=197915"},{"taxonomy":"product_cat","embeddable":true,"href":"https:\/\/grupotextil.es\/en\/wp-json\/wp\/v2\/product_cat?post=197915"},{"taxonomy":"product_tag","embeddable":true,"href":"https:\/\/grupotextil.es\/en\/wp-json\/wp\/v2\/product_tag?post=197915"}],"curies":[{"name":"wp","href":"https:\/\/api.w.org\/{rel}","templated":true}]}}