{"id":198174,"date":"2026-03-03T23:55:08","date_gmt":"2026-03-03T22:55:08","guid":{"rendered":"https:\/\/grupotextil.es\/producto\/banderin-stamina-celeb-3103\/"},"modified":"2026-03-04T06:13:55","modified_gmt":"2026-03-04T05:13:55","slug":"banderin-stamina-celeb-3103","status":"publish","type":"product","link":"https:\/\/grupotextil.es\/en\/product\/banderin-stamina-celeb-3103\/","title":{"rendered":"Bander\u00edn Stamina Celeb 3103"},"content":{"rendered":"<p>Bander\u00edn con m\u00e1stil de tama\u00f1o peque\u00f1o, de variados colores y banderas. Perfecto para eventos y celebraciones.<\/p>","protected":false},"excerpt":{"rendered":"<p>Bander\u00edn con m\u00e1stil de tama\u00f1o peque\u00f1o, de variados colores y banderas. Perfecto para eventos y celebraciones.<\/p>","protected":false},"featured_media":198175,"comment_status":"open","ping_status":"closed","template":"","meta":{"_acf_changed":false},"product_brand":[14012],"product_cat":[13973],"product_tag":[],"class_list":{"0":"post-198174","1":"product","2":"type-product","3":"status-publish","4":"has-post-thumbnail","6":"product_brand-stamina","7":"product_cat-ropa","8":"tm-no-options","10":"first","11":"instock","12":"taxable","13":"shipping-taxable","14":"product-type-variable"},"acf":[],"_links":{"self":[{"href":"https:\/\/grupotextil.es\/en\/wp-json\/wp\/v2\/product\/198174","targetHints":{"allow":["GET"]}}],"collection":[{"href":"https:\/\/grupotextil.es\/en\/wp-json\/wp\/v2\/product"}],"about":[{"href":"https:\/\/grupotextil.es\/en\/wp-json\/wp\/v2\/types\/product"}],"replies":[{"embeddable":true,"href":"https:\/\/grupotextil.es\/en\/wp-json\/wp\/v2\/comments?post=198174"}],"wp:featuredmedia":[{"embeddable":true,"href":"https:\/\/grupotextil.es\/en\/wp-json\/wp\/v2\/media\/198175"}],"wp:attachment":[{"href":"https:\/\/grupotextil.es\/en\/wp-json\/wp\/v2\/media?parent=198174"}],"wp:term":[{"taxonomy":"product_brand","embeddable":true,"href":"https:\/\/grupotextil.es\/en\/wp-json\/wp\/v2\/product_brand?post=198174"},{"taxonomy":"product_cat","embeddable":true,"href":"https:\/\/grupotextil.es\/en\/wp-json\/wp\/v2\/product_cat?post=198174"},{"taxonomy":"product_tag","embeddable":true,"href":"https:\/\/grupotextil.es\/en\/wp-json\/wp\/v2\/product_tag?post=198174"}],"curies":[{"name":"wp","href":"https:\/\/api.w.org\/{rel}","templated":true}]}}