{"id":198416,"date":"2026-03-03T23:58:18","date_gmt":"2026-03-03T22:58:18","guid":{"rendered":"https:\/\/grupotextil.es\/producto\/vela-aromatica-stamina-kimi-1311\/"},"modified":"2026-03-04T06:13:56","modified_gmt":"2026-03-04T05:13:56","slug":"vela-aromatica-stamina-kimi-1311","status":"publish","type":"product","link":"https:\/\/grupotextil.es\/en\/product\/vela-aromatica-stamina-kimi-1311\/","title":{"rendered":"Vela Ar\u00f3matica Stamina Kimi 1311"},"content":{"rendered":"<p>Vela arom\u00e1tica en vaso de cristal de colores y fragancias variadas (caf\u00e9, pino, lavanda, vainilla y fresa).<\/p>","protected":false},"excerpt":{"rendered":"<p>Vela arom\u00e1tica en vaso de cristal de colores y fragancias variadas (caf\u00e9, pino, lavanda, vainilla y fresa).<\/p>","protected":false},"featured_media":198417,"comment_status":"open","ping_status":"closed","template":"","meta":{"_acf_changed":false},"product_brand":[14012],"product_cat":[13973],"product_tag":[],"class_list":{"0":"post-198416","1":"product","2":"type-product","3":"status-publish","4":"has-post-thumbnail","6":"product_brand-stamina","7":"product_cat-ropa","8":"tm-no-options","10":"first","11":"instock","12":"taxable","13":"shipping-taxable","14":"product-type-variable"},"acf":[],"_links":{"self":[{"href":"https:\/\/grupotextil.es\/en\/wp-json\/wp\/v2\/product\/198416","targetHints":{"allow":["GET"]}}],"collection":[{"href":"https:\/\/grupotextil.es\/en\/wp-json\/wp\/v2\/product"}],"about":[{"href":"https:\/\/grupotextil.es\/en\/wp-json\/wp\/v2\/types\/product"}],"replies":[{"embeddable":true,"href":"https:\/\/grupotextil.es\/en\/wp-json\/wp\/v2\/comments?post=198416"}],"wp:featuredmedia":[{"embeddable":true,"href":"https:\/\/grupotextil.es\/en\/wp-json\/wp\/v2\/media\/198417"}],"wp:attachment":[{"href":"https:\/\/grupotextil.es\/en\/wp-json\/wp\/v2\/media?parent=198416"}],"wp:term":[{"taxonomy":"product_brand","embeddable":true,"href":"https:\/\/grupotextil.es\/en\/wp-json\/wp\/v2\/product_brand?post=198416"},{"taxonomy":"product_cat","embeddable":true,"href":"https:\/\/grupotextil.es\/en\/wp-json\/wp\/v2\/product_cat?post=198416"},{"taxonomy":"product_tag","embeddable":true,"href":"https:\/\/grupotextil.es\/en\/wp-json\/wp\/v2\/product_tag?post=198416"}],"curies":[{"name":"wp","href":"https:\/\/api.w.org\/{rel}","templated":true}]}}