{"id":198638,"date":"2026-03-03T23:59:45","date_gmt":"2026-03-03T22:59:45","guid":{"rendered":"https:\/\/grupotextil.es\/producto\/mono-roly-jimmy-8401-hombre\/"},"modified":"2026-03-04T06:13:57","modified_gmt":"2026-03-04T05:13:57","slug":"mono-roly-jimmy-8401-hombre","status":"publish","type":"product","link":"https:\/\/grupotextil.es\/en\/product\/mono-roly-jimmy-8401-hombre\/","title":{"rendered":"Mono Roly Jimmy 8401 Hombre"},"content":{"rendered":"<p>Mono recto.<\/p>\n<ul>\n<li>Cremallera central con doble cursor.<\/li>\n<li>Un bolsillo en pecho izquierdo con cremallera.<\/li>\n<li>Dos bolsillos laterales.<\/li>\n<li>Un bolsillo lateral estrecho.<\/li>\n<li>Pu\u00f1os el\u00e1sticos con goma 1\u00d71.<\/li>\n<\/ul>","protected":false},"excerpt":{"rendered":"<p>Mono recto.<\/p>\n<ul>\n<li>Cremallera central con doble cursor.<\/li>\n<li>Un bolsillo en pecho izquierdo con cremallera.<\/li>\n<li>Dos bolsillos laterales.<\/li>\n<li>Un bolsillo lateral estrecho.<\/li>\n<li>Pu\u00f1os el\u00e1sticos con goma 1\u00d71.<\/li>\n<\/ul>","protected":false},"featured_media":198639,"comment_status":"open","ping_status":"closed","template":"","meta":{"_acf_changed":false},"product_brand":[14011],"product_cat":[13967,13930],"product_tag":[],"class_list":{"0":"post-198638","1":"product","2":"type-product","3":"status-publish","4":"has-post-thumbnail","6":"product_brand-roly","7":"product_cat-rl-industria-y-servicios","8":"product_cat-laboral","9":"tm-no-options","11":"first","12":"instock","13":"taxable","14":"shipping-taxable","15":"product-type-variable"},"acf":[],"_links":{"self":[{"href":"https:\/\/grupotextil.es\/en\/wp-json\/wp\/v2\/product\/198638","targetHints":{"allow":["GET"]}}],"collection":[{"href":"https:\/\/grupotextil.es\/en\/wp-json\/wp\/v2\/product"}],"about":[{"href":"https:\/\/grupotextil.es\/en\/wp-json\/wp\/v2\/types\/product"}],"replies":[{"embeddable":true,"href":"https:\/\/grupotextil.es\/en\/wp-json\/wp\/v2\/comments?post=198638"}],"wp:featuredmedia":[{"embeddable":true,"href":"https:\/\/grupotextil.es\/en\/wp-json\/wp\/v2\/media\/198639"}],"wp:attachment":[{"href":"https:\/\/grupotextil.es\/en\/wp-json\/wp\/v2\/media?parent=198638"}],"wp:term":[{"taxonomy":"product_brand","embeddable":true,"href":"https:\/\/grupotextil.es\/en\/wp-json\/wp\/v2\/product_brand?post=198638"},{"taxonomy":"product_cat","embeddable":true,"href":"https:\/\/grupotextil.es\/en\/wp-json\/wp\/v2\/product_cat?post=198638"},{"taxonomy":"product_tag","embeddable":true,"href":"https:\/\/grupotextil.es\/en\/wp-json\/wp\/v2\/product_tag?post=198638"}],"curies":[{"name":"wp","href":"https:\/\/api.w.org\/{rel}","templated":true}]}}