{"id":198679,"date":"2026-03-04T00:00:02","date_gmt":"2026-03-03T23:00:02","guid":{"rendered":"https:\/\/grupotextil.es\/producto\/sudadera-roly-teleno-1117-unisex\/"},"modified":"2026-03-10T01:59:16","modified_gmt":"2026-03-10T00:59:16","slug":"sudadera-roly-teleno-1117-unisex","status":"publish","type":"product","link":"https:\/\/grupotextil.es\/en\/product\/sudadera-roly-teleno-1117-unisex\/","title":{"rendered":"Sudadera Roly Teleno 1117 Unisex"},"content":{"rendered":"<p>Sudadera de algod\u00f3n con dise\u00f1o cl\u00e1sico, y felpa perchada en el interior. Cuellos, pu\u00f1os y bajo con canal\u00e9 1\u00d71. Cubrecosturas reforzado en el interior del cuello.<\/p>","protected":false},"excerpt":{"rendered":"<p>Sudadera de algod\u00f3n con dise\u00f1o cl\u00e1sico, y felpa perchada en el interior. Cuellos, pu\u00f1os y bajo con canal\u00e9 1\u00d71. Cubrecosturas reforzado en el interior del cuello.<\/p>","protected":false},"featured_media":198680,"comment_status":"open","ping_status":"closed","template":"","meta":{"_acf_changed":false},"product_brand":[14011],"product_cat":[13975,13973,13989],"product_tag":[],"class_list":{"0":"post-198679","1":"product","2":"type-product","3":"status-publish","4":"has-post-thumbnail","6":"product_brand-roly","7":"product_cat-ropa-mujer","8":"product_cat-ropa","9":"product_cat-m-sudaderas","10":"tm-no-options","12":"first","13":"instock","14":"taxable","15":"shipping-taxable","16":"product-type-variable"},"acf":[],"_links":{"self":[{"href":"https:\/\/grupotextil.es\/en\/wp-json\/wp\/v2\/product\/198679","targetHints":{"allow":["GET"]}}],"collection":[{"href":"https:\/\/grupotextil.es\/en\/wp-json\/wp\/v2\/product"}],"about":[{"href":"https:\/\/grupotextil.es\/en\/wp-json\/wp\/v2\/types\/product"}],"replies":[{"embeddable":true,"href":"https:\/\/grupotextil.es\/en\/wp-json\/wp\/v2\/comments?post=198679"}],"wp:featuredmedia":[{"embeddable":true,"href":"https:\/\/grupotextil.es\/en\/wp-json\/wp\/v2\/media\/198680"}],"wp:attachment":[{"href":"https:\/\/grupotextil.es\/en\/wp-json\/wp\/v2\/media?parent=198679"}],"wp:term":[{"taxonomy":"product_brand","embeddable":true,"href":"https:\/\/grupotextil.es\/en\/wp-json\/wp\/v2\/product_brand?post=198679"},{"taxonomy":"product_cat","embeddable":true,"href":"https:\/\/grupotextil.es\/en\/wp-json\/wp\/v2\/product_cat?post=198679"},{"taxonomy":"product_tag","embeddable":true,"href":"https:\/\/grupotextil.es\/en\/wp-json\/wp\/v2\/product_tag?post=198679"}],"curies":[{"name":"wp","href":"https:\/\/api.w.org\/{rel}","templated":true}]}}