{"id":199063,"date":"2026-03-04T00:02:06","date_gmt":"2026-03-03T23:02:06","guid":{"rendered":"https:\/\/grupotextil.es\/producto\/bata-laboral-roly-mederi-9092-unisex\/"},"modified":"2026-03-04T06:13:58","modified_gmt":"2026-03-04T05:13:58","slug":"bata-laboral-roly-mederi-9092-unisex","status":"publish","type":"product","link":"https:\/\/grupotextil.es\/en\/product\/bata-laboral-roly-mederi-9092-unisex\/","title":{"rendered":"Bata Laboral Roly Mederi 9092 Unisex"},"content":{"rendered":"<p>Bata de manga larga unisex.<\/p>\n<ul>\n<li>Abertura central con Botones autom\u00e1ticos en el interior.<\/li>\n<li>Bolsillo interior en pecho izquierdo.<\/li>\n<li>Pu\u00f1os ajustables de canal\u00e9 1\u00d71.<\/li>\n<\/ul>","protected":false},"excerpt":{"rendered":"<p>Bata de manga larga unisex.<\/p>\n<ul>\n<li>Abertura central con Botones autom\u00e1ticos en el interior.<\/li>\n<li>Bolsillo interior en pecho izquierdo.<\/li>\n<li>Pu\u00f1os ajustables de canal\u00e9 1\u00d71.<\/li>\n<\/ul>","protected":false},"featured_media":199064,"comment_status":"open","ping_status":"closed","template":"","meta":{"_acf_changed":false},"product_brand":[14011],"product_cat":[13930,13936],"product_tag":[],"class_list":{"0":"post-199063","1":"product","2":"type-product","3":"status-publish","4":"has-post-thumbnail","6":"product_brand-roly","7":"product_cat-laboral","8":"product_cat-rl-sanidad-y-estetica","9":"tm-no-options","11":"first","12":"instock","13":"taxable","14":"shipping-taxable","15":"product-type-variable"},"acf":[],"_links":{"self":[{"href":"https:\/\/grupotextil.es\/en\/wp-json\/wp\/v2\/product\/199063","targetHints":{"allow":["GET"]}}],"collection":[{"href":"https:\/\/grupotextil.es\/en\/wp-json\/wp\/v2\/product"}],"about":[{"href":"https:\/\/grupotextil.es\/en\/wp-json\/wp\/v2\/types\/product"}],"replies":[{"embeddable":true,"href":"https:\/\/grupotextil.es\/en\/wp-json\/wp\/v2\/comments?post=199063"}],"wp:featuredmedia":[{"embeddable":true,"href":"https:\/\/grupotextil.es\/en\/wp-json\/wp\/v2\/media\/199064"}],"wp:attachment":[{"href":"https:\/\/grupotextil.es\/en\/wp-json\/wp\/v2\/media?parent=199063"}],"wp:term":[{"taxonomy":"product_brand","embeddable":true,"href":"https:\/\/grupotextil.es\/en\/wp-json\/wp\/v2\/product_brand?post=199063"},{"taxonomy":"product_cat","embeddable":true,"href":"https:\/\/grupotextil.es\/en\/wp-json\/wp\/v2\/product_cat?post=199063"},{"taxonomy":"product_tag","embeddable":true,"href":"https:\/\/grupotextil.es\/en\/wp-json\/wp\/v2\/product_tag?post=199063"}],"curies":[{"name":"wp","href":"https:\/\/api.w.org\/{rel}","templated":true}]}}