{"id":199379,"date":"2026-03-04T00:03:35","date_gmt":"2026-03-03T23:03:35","guid":{"rendered":"https:\/\/grupotextil.es\/producto\/camiseta-roly-imola-0427ni-nino\/"},"modified":"2026-03-04T06:13:59","modified_gmt":"2026-03-04T05:13:59","slug":"camiseta-roly-imola-0427ni-nino","status":"publish","type":"product","link":"https:\/\/grupotextil.es\/en\/product\/camiseta-roly-imola-0427ni-nino\/","title":{"rendered":"Camiseta Roly Imola 0427NI Ni\u00f1o"},"content":{"rendered":"<p>Camiseta t\u00e9cnica de manga corta con tejido de poli\u00e9ster Reciclado CONTROL DRY. Cuello redondo con cubrecosturas a tono. Etiqueta identificativa con logo ECO en manga. Embolsado en material reciclado<\/p>","protected":false},"excerpt":{"rendered":"<p>Camiseta t\u00e9cnica de manga corta con tejido de poli\u00e9ster Reciclado CONTROL DRY. Cuello redondo con cubrecosturas a tono. Etiqueta identificativa con logo ECO en manga. Embolsado en material reciclado<\/p>","protected":false},"featured_media":199380,"comment_status":"open","ping_status":"closed","template":"","meta":{"_acf_changed":false},"product_brand":[14011],"product_cat":[13995,13976,13973,14007,9841],"product_tag":[],"class_list":{"0":"post-199379","1":"product","2":"type-product","3":"status-publish","4":"has-post-thumbnail","6":"product_brand-roly","7":"product_cat-n-camisetas","8":"product_cat-ropa-nino","9":"product_cat-ropa","10":"product_cat-ropa-organica","11":"product_cat-sostenible","12":"tm-no-options","14":"first","15":"instock","16":"taxable","17":"shipping-taxable","18":"product-type-variable"},"acf":[],"_links":{"self":[{"href":"https:\/\/grupotextil.es\/en\/wp-json\/wp\/v2\/product\/199379","targetHints":{"allow":["GET"]}}],"collection":[{"href":"https:\/\/grupotextil.es\/en\/wp-json\/wp\/v2\/product"}],"about":[{"href":"https:\/\/grupotextil.es\/en\/wp-json\/wp\/v2\/types\/product"}],"replies":[{"embeddable":true,"href":"https:\/\/grupotextil.es\/en\/wp-json\/wp\/v2\/comments?post=199379"}],"wp:featuredmedia":[{"embeddable":true,"href":"https:\/\/grupotextil.es\/en\/wp-json\/wp\/v2\/media\/199380"}],"wp:attachment":[{"href":"https:\/\/grupotextil.es\/en\/wp-json\/wp\/v2\/media?parent=199379"}],"wp:term":[{"taxonomy":"product_brand","embeddable":true,"href":"https:\/\/grupotextil.es\/en\/wp-json\/wp\/v2\/product_brand?post=199379"},{"taxonomy":"product_cat","embeddable":true,"href":"https:\/\/grupotextil.es\/en\/wp-json\/wp\/v2\/product_cat?post=199379"},{"taxonomy":"product_tag","embeddable":true,"href":"https:\/\/grupotextil.es\/en\/wp-json\/wp\/v2\/product_tag?post=199379"}],"curies":[{"name":"wp","href":"https:\/\/api.w.org\/{rel}","templated":true}]}}