{"id":199517,"date":"2026-03-04T00:04:09","date_gmt":"2026-03-03T23:04:09","guid":{"rendered":"https:\/\/grupotextil.es\/producto\/sudadera-organica-roly-batian-1071-unisex\/"},"modified":"2026-03-10T01:58:41","modified_gmt":"2026-03-10T00:58:41","slug":"sudadera-organica-roly-batian-1071-unisex","status":"publish","type":"product","link":"https:\/\/grupotextil.es\/en\/product\/sudadera-organica-roly-batian-1071-unisex\/","title":{"rendered":"Sudadera Org\u00e1nica Roly Batian 1071 Unisex"},"content":{"rendered":"<p>Sudadera Unisex en Algod\u00f3n Org\u00e1nico Peinado y Poli\u00e9ster Reciclado. Cuello, pu\u00f1os y cinturilla de punto canal\u00e9 2\u00d71. Adorno de costuras remalladas en hombro, sisa, cuello, pu\u00f1os y cintura. Media luna en el interior del cuello trasero.<\/p>","protected":false},"excerpt":{"rendered":"<p>Sudadera Unisex en Algod\u00f3n Org\u00e1nico Peinado y Poli\u00e9ster Reciclado. Cuello, pu\u00f1os y cinturilla de punto canal\u00e9 2\u00d71. Adorno de costuras remalladas en hombro, sisa, cuello, pu\u00f1os y cintura. Media luna en el interior del cuello trasero.<\/p>","protected":false},"featured_media":199518,"comment_status":"open","ping_status":"closed","template":"","meta":{"_acf_changed":false},"product_brand":[14011],"product_cat":[13974,13973,14007,9841,13980],"product_tag":[],"class_list":{"0":"post-199517","1":"product","2":"type-product","3":"status-publish","4":"has-post-thumbnail","6":"product_brand-roly","7":"product_cat-ropa-hombre","8":"product_cat-ropa","9":"product_cat-ropa-organica","10":"product_cat-sostenible","11":"product_cat-h-sudaderas","12":"tm-no-options","14":"first","15":"instock","16":"taxable","17":"shipping-taxable","18":"product-type-variable"},"acf":[],"_links":{"self":[{"href":"https:\/\/grupotextil.es\/en\/wp-json\/wp\/v2\/product\/199517","targetHints":{"allow":["GET"]}}],"collection":[{"href":"https:\/\/grupotextil.es\/en\/wp-json\/wp\/v2\/product"}],"about":[{"href":"https:\/\/grupotextil.es\/en\/wp-json\/wp\/v2\/types\/product"}],"replies":[{"embeddable":true,"href":"https:\/\/grupotextil.es\/en\/wp-json\/wp\/v2\/comments?post=199517"}],"wp:featuredmedia":[{"embeddable":true,"href":"https:\/\/grupotextil.es\/en\/wp-json\/wp\/v2\/media\/199518"}],"wp:attachment":[{"href":"https:\/\/grupotextil.es\/en\/wp-json\/wp\/v2\/media?parent=199517"}],"wp:term":[{"taxonomy":"product_brand","embeddable":true,"href":"https:\/\/grupotextil.es\/en\/wp-json\/wp\/v2\/product_brand?post=199517"},{"taxonomy":"product_cat","embeddable":true,"href":"https:\/\/grupotextil.es\/en\/wp-json\/wp\/v2\/product_cat?post=199517"},{"taxonomy":"product_tag","embeddable":true,"href":"https:\/\/grupotextil.es\/en\/wp-json\/wp\/v2\/product_tag?post=199517"}],"curies":[{"name":"wp","href":"https:\/\/api.w.org\/{rel}","templated":true}]}}