{"id":199571,"date":"2026-03-04T00:04:28","date_gmt":"2026-03-03T23:04:28","guid":{"rendered":"https:\/\/grupotextil.es\/producto\/mochila-saco-nevera-stamina-graja-7604\/"},"modified":"2026-03-04T06:13:59","modified_gmt":"2026-03-04T05:13:59","slug":"mochila-saco-nevera-stamina-graja-7604","status":"publish","type":"product","link":"https:\/\/grupotextil.es\/en\/product\/mochila-saco-nevera-stamina-graja-7604\/","title":{"rendered":"Mochila Saco Nevera Stamina Graja 7604"},"content":{"rendered":"<p>Mochila nevera de cuerdas con interior isot\u00e9rmico de aluminio, con exterior elaborado en poli\u00e9ster 210D e interior en aluminio isot\u00e9rmico. Ideal para transportar alimentos y bebidas manteni\u00e9ndolos a temperatura \u00f3ptima.<\/p>","protected":false},"excerpt":{"rendered":"<p>Mochila nevera de cuerdas con interior isot\u00e9rmico de aluminio, con exterior elaborado en poli\u00e9ster 210D e interior en aluminio isot\u00e9rmico. Ideal para transportar alimentos y bebidas manteni\u00e9ndolos a temperatura \u00f3ptima.<\/p>","protected":false},"featured_media":199572,"comment_status":"open","ping_status":"closed","template":"","meta":{"_acf_changed":false},"product_brand":[14012],"product_cat":[13954],"product_tag":[],"class_list":{"0":"post-199571","1":"product","2":"type-product","3":"status-publish","4":"has-post-thumbnail","6":"product_brand-stamina","7":"product_cat-acc-bolsas-y-mochilas","8":"tm-no-options","10":"first","11":"instock","12":"taxable","13":"shipping-taxable","14":"product-type-variable"},"acf":[],"_links":{"self":[{"href":"https:\/\/grupotextil.es\/en\/wp-json\/wp\/v2\/product\/199571","targetHints":{"allow":["GET"]}}],"collection":[{"href":"https:\/\/grupotextil.es\/en\/wp-json\/wp\/v2\/product"}],"about":[{"href":"https:\/\/grupotextil.es\/en\/wp-json\/wp\/v2\/types\/product"}],"replies":[{"embeddable":true,"href":"https:\/\/grupotextil.es\/en\/wp-json\/wp\/v2\/comments?post=199571"}],"wp:featuredmedia":[{"embeddable":true,"href":"https:\/\/grupotextil.es\/en\/wp-json\/wp\/v2\/media\/199572"}],"wp:attachment":[{"href":"https:\/\/grupotextil.es\/en\/wp-json\/wp\/v2\/media?parent=199571"}],"wp:term":[{"taxonomy":"product_brand","embeddable":true,"href":"https:\/\/grupotextil.es\/en\/wp-json\/wp\/v2\/product_brand?post=199571"},{"taxonomy":"product_cat","embeddable":true,"href":"https:\/\/grupotextil.es\/en\/wp-json\/wp\/v2\/product_cat?post=199571"},{"taxonomy":"product_tag","embeddable":true,"href":"https:\/\/grupotextil.es\/en\/wp-json\/wp\/v2\/product_tag?post=199571"}],"curies":[{"name":"wp","href":"https:\/\/api.w.org\/{rel}","templated":true}]}}