{"id":199588,"date":"2026-03-04T00:04:41","date_gmt":"2026-03-03T23:04:41","guid":{"rendered":"https:\/\/grupotextil.es\/producto\/outlet-calendario-de-sobremesa-stamina-fenix-8020\/"},"modified":"2026-03-04T06:14:00","modified_gmt":"2026-03-04T05:14:00","slug":"outlet-calendario-de-sobremesa-stamina-fenix-8020","status":"publish","type":"product","link":"https:\/\/grupotextil.es\/en\/product\/outlet-calendario-de-sobremesa-stamina-fenix-8020\/","title":{"rendered":"*OUTLET* Calendario de Sobremesa Stamina Fenix 8020"},"content":{"rendered":"<p><strong>ESTE PRODUCTO SE DESCATALOGAR\u00c1 EN 2025<\/strong> \u2013 Calendario perpetuo de mesa. Compatible para su uso en cualquier a\u00f1o. Compuesto por dos partes: soporte plateado con panel num\u00e9rico y marco deslizable negro con los d\u00edas de la semana en espa\u00f1ol e ingl\u00e9s.<\/p>","protected":false},"excerpt":{"rendered":"<p><strong>ESTE PRODUCTO SE DESCATALOGAR\u00c1 EN 2025<\/strong> \u2013 Calendario perpetuo de mesa. Compatible para su uso en cualquier a\u00f1o. Compuesto por dos partes: soporte plateado con panel num\u00e9rico y marco deslizable negro con los d\u00edas de la semana en espa\u00f1ol e ingl\u00e9s.<\/p>","protected":false},"featured_media":199589,"comment_status":"open","ping_status":"closed","template":"","meta":{"_acf_changed":false},"product_brand":[14012],"product_cat":[13973],"product_tag":[],"class_list":{"0":"post-199588","1":"product","2":"type-product","3":"status-publish","4":"has-post-thumbnail","6":"product_brand-stamina","7":"product_cat-ropa","8":"tm-no-options","10":"first","11":"instock","12":"taxable","13":"shipping-taxable","14":"product-type-variable"},"acf":[],"_links":{"self":[{"href":"https:\/\/grupotextil.es\/en\/wp-json\/wp\/v2\/product\/199588","targetHints":{"allow":["GET"]}}],"collection":[{"href":"https:\/\/grupotextil.es\/en\/wp-json\/wp\/v2\/product"}],"about":[{"href":"https:\/\/grupotextil.es\/en\/wp-json\/wp\/v2\/types\/product"}],"replies":[{"embeddable":true,"href":"https:\/\/grupotextil.es\/en\/wp-json\/wp\/v2\/comments?post=199588"}],"wp:featuredmedia":[{"embeddable":true,"href":"https:\/\/grupotextil.es\/en\/wp-json\/wp\/v2\/media\/199589"}],"wp:attachment":[{"href":"https:\/\/grupotextil.es\/en\/wp-json\/wp\/v2\/media?parent=199588"}],"wp:term":[{"taxonomy":"product_brand","embeddable":true,"href":"https:\/\/grupotextil.es\/en\/wp-json\/wp\/v2\/product_brand?post=199588"},{"taxonomy":"product_cat","embeddable":true,"href":"https:\/\/grupotextil.es\/en\/wp-json\/wp\/v2\/product_cat?post=199588"},{"taxonomy":"product_tag","embeddable":true,"href":"https:\/\/grupotextil.es\/en\/wp-json\/wp\/v2\/product_tag?post=199588"}],"curies":[{"name":"wp","href":"https:\/\/api.w.org\/{rel}","templated":true}]}}