{"id":200129,"date":"2026-03-04T00:09:21","date_gmt":"2026-03-03T23:09:21","guid":{"rendered":"https:\/\/grupotextil.es\/producto\/outlet-chaqueta-roly-everest-5064-unisex\/"},"modified":"2026-03-04T06:14:02","modified_gmt":"2026-03-04T05:14:02","slug":"outlet-chaqueta-roly-everest-5064-unisex","status":"publish","type":"product","link":"https:\/\/grupotextil.es\/en\/product\/outlet-chaqueta-roly-everest-5064-unisex\/","title":{"rendered":"*OUTLET* Chaqueta Roly Everest 5064 Unisex"},"content":{"rendered":"<p><strong>PRODUCTO QUE SE DESCATALOGAR\u00c1 CUANDO SE AGOTEN LAS EXISTENCIAS \u2013<\/strong> Sudadera de punto felpado con capucha. Cremalleras inyectadas con tiradores de dise\u00f1o, cremallera central con protector de barbilla, y una segunda cremallera decorativa en cuello para facilitar apertura. Cuello alto con ajustadores de dise\u00f1o y cubrecosturas interior. Dos bolsillos frontales con cremallera. Bajo trasero m\u00e1s largo que el delantero, con ajustadores de dise\u00f1o.<\/p>","protected":false},"excerpt":{"rendered":"<p><strong>PRODUCTO QUE SE DESCATALOGAR\u00c1 CUANDO SE AGOTEN LAS EXISTENCIAS \u2013<\/strong> Sudadera de punto felpado con capucha. Cremalleras inyectadas con tiradores de dise\u00f1o, cremallera central con protector de barbilla, y una segunda cremallera decorativa en cuello para facilitar apertura. Cuello alto con ajustadores de dise\u00f1o y cubrecosturas interior. Dos bolsillos frontales con cremallera. Bajo trasero m\u00e1s largo que el delantero, con ajustadores de dise\u00f1o.<\/p>","protected":false},"featured_media":200130,"comment_status":"open","ping_status":"closed","template":"","meta":{"_acf_changed":false},"product_brand":[14011],"product_cat":[13974,13975,13973],"product_tag":[],"class_list":{"0":"post-200129","1":"product","2":"type-product","3":"status-publish","4":"has-post-thumbnail","6":"product_brand-roly","7":"product_cat-ropa-hombre","8":"product_cat-ropa-mujer","9":"product_cat-ropa","10":"tm-no-options","12":"first","13":"instock","14":"taxable","15":"shipping-taxable","16":"product-type-variable"},"acf":[],"_links":{"self":[{"href":"https:\/\/grupotextil.es\/en\/wp-json\/wp\/v2\/product\/200129","targetHints":{"allow":["GET"]}}],"collection":[{"href":"https:\/\/grupotextil.es\/en\/wp-json\/wp\/v2\/product"}],"about":[{"href":"https:\/\/grupotextil.es\/en\/wp-json\/wp\/v2\/types\/product"}],"replies":[{"embeddable":true,"href":"https:\/\/grupotextil.es\/en\/wp-json\/wp\/v2\/comments?post=200129"}],"wp:featuredmedia":[{"embeddable":true,"href":"https:\/\/grupotextil.es\/en\/wp-json\/wp\/v2\/media\/200130"}],"wp:attachment":[{"href":"https:\/\/grupotextil.es\/en\/wp-json\/wp\/v2\/media?parent=200129"}],"wp:term":[{"taxonomy":"product_brand","embeddable":true,"href":"https:\/\/grupotextil.es\/en\/wp-json\/wp\/v2\/product_brand?post=200129"},{"taxonomy":"product_cat","embeddable":true,"href":"https:\/\/grupotextil.es\/en\/wp-json\/wp\/v2\/product_cat?post=200129"},{"taxonomy":"product_tag","embeddable":true,"href":"https:\/\/grupotextil.es\/en\/wp-json\/wp\/v2\/product_tag?post=200129"}],"curies":[{"name":"wp","href":"https:\/\/api.w.org\/{rel}","templated":true}]}}