{"id":200153,"date":"2026-03-04T00:09:31","date_gmt":"2026-03-03T23:09:31","guid":{"rendered":"https:\/\/grupotextil.es\/producto\/outlet-conjunto-deportivo-roly-boca-0346-nino\/"},"modified":"2026-03-04T06:14:02","modified_gmt":"2026-03-04T05:14:02","slug":"outlet-conjunto-deportivo-roly-boca-0346-nino","status":"publish","type":"product","link":"https:\/\/grupotextil.es\/en\/product\/outlet-conjunto-deportivo-roly-boca-0346-nino\/","title":{"rendered":"*OUTLET* Conjunto Deportivo Roly Boca 0346 Ni\u00f1o"},"content":{"rendered":"<p><strong>PRODUCTO QUE SE DESCATALOGAR\u00c1 CUANDO SE AGOTEN LAS EXISTENCIAS \u2013<\/strong> Conjunto deportivo unisex con combinaci\u00f3n de tres tejidos, camiseta con cuello mao y apertura mediante broche de presi\u00f3n, interior de la manga en tejido transpirable y paneles laterales. Pantal\u00f3n corto con cinturilla ajustable y cordones. Parte interior de la pierna y vivos a contraste en tejido.<\/p>","protected":false},"excerpt":{"rendered":"<p><strong>PRODUCTO QUE SE DESCATALOGAR\u00c1 CUANDO SE AGOTEN LAS EXISTENCIAS \u2013<\/strong> Conjunto deportivo unisex con combinaci\u00f3n de tres tejidos, camiseta con cuello mao y apertura mediante broche de presi\u00f3n, interior de la manga en tejido transpirable y paneles laterales. Pantal\u00f3n corto con cinturilla ajustable y cordones. Parte interior de la pierna y vivos a contraste en tejido.<\/p>","protected":false},"featured_media":200154,"comment_status":"open","ping_status":"closed","template":"","meta":{"_acf_changed":false},"product_brand":[14011],"product_cat":[13976,13973],"product_tag":[],"class_list":{"0":"post-200153","1":"product","2":"type-product","3":"status-publish","4":"has-post-thumbnail","6":"product_brand-roly","7":"product_cat-ropa-nino","8":"product_cat-ropa","9":"tm-no-options","11":"first","12":"instock","13":"taxable","14":"shipping-taxable","15":"product-type-variable"},"acf":[],"_links":{"self":[{"href":"https:\/\/grupotextil.es\/en\/wp-json\/wp\/v2\/product\/200153","targetHints":{"allow":["GET"]}}],"collection":[{"href":"https:\/\/grupotextil.es\/en\/wp-json\/wp\/v2\/product"}],"about":[{"href":"https:\/\/grupotextil.es\/en\/wp-json\/wp\/v2\/types\/product"}],"replies":[{"embeddable":true,"href":"https:\/\/grupotextil.es\/en\/wp-json\/wp\/v2\/comments?post=200153"}],"wp:featuredmedia":[{"embeddable":true,"href":"https:\/\/grupotextil.es\/en\/wp-json\/wp\/v2\/media\/200154"}],"wp:attachment":[{"href":"https:\/\/grupotextil.es\/en\/wp-json\/wp\/v2\/media?parent=200153"}],"wp:term":[{"taxonomy":"product_brand","embeddable":true,"href":"https:\/\/grupotextil.es\/en\/wp-json\/wp\/v2\/product_brand?post=200153"},{"taxonomy":"product_cat","embeddable":true,"href":"https:\/\/grupotextil.es\/en\/wp-json\/wp\/v2\/product_cat?post=200153"},{"taxonomy":"product_tag","embeddable":true,"href":"https:\/\/grupotextil.es\/en\/wp-json\/wp\/v2\/product_tag?post=200153"}],"curies":[{"name":"wp","href":"https:\/\/api.w.org\/{rel}","templated":true}]}}