{"id":200292,"date":"2026-03-04T00:10:35","date_gmt":"2026-03-03T23:10:35","guid":{"rendered":"https:\/\/grupotextil.es\/producto\/outlet-taza-de-ceramica-stamina-akebia-4008\/"},"modified":"2026-03-04T06:14:02","modified_gmt":"2026-03-04T05:14:02","slug":"outlet-taza-de-ceramica-stamina-akebia-4008","status":"publish","type":"product","link":"https:\/\/grupotextil.es\/en\/product\/outlet-taza-de-ceramica-stamina-akebia-4008\/","title":{"rendered":"*OUTLET* Taza de Cer\u00e1mica Stamina Akebia 4008"},"content":{"rendered":"<p>Taza de cer\u00e1mica de 350ml. Interior y cuchara a color. Presentaci\u00f3n en caja blanca.<\/p>","protected":false},"excerpt":{"rendered":"<p>Taza de cer\u00e1mica de 350ml. Interior y cuchara a color. Presentaci\u00f3n en caja blanca.<\/p>","protected":false},"featured_media":200293,"comment_status":"open","ping_status":"closed","template":"","meta":{"_acf_changed":false},"product_brand":[14012],"product_cat":[13973],"product_tag":[],"class_list":{"0":"post-200292","1":"product","2":"type-product","3":"status-publish","4":"has-post-thumbnail","6":"product_brand-stamina","7":"product_cat-ropa","8":"tm-no-options","10":"first","11":"instock","12":"taxable","13":"shipping-taxable","14":"product-type-variable"},"acf":[],"_links":{"self":[{"href":"https:\/\/grupotextil.es\/en\/wp-json\/wp\/v2\/product\/200292","targetHints":{"allow":["GET"]}}],"collection":[{"href":"https:\/\/grupotextil.es\/en\/wp-json\/wp\/v2\/product"}],"about":[{"href":"https:\/\/grupotextil.es\/en\/wp-json\/wp\/v2\/types\/product"}],"replies":[{"embeddable":true,"href":"https:\/\/grupotextil.es\/en\/wp-json\/wp\/v2\/comments?post=200292"}],"wp:featuredmedia":[{"embeddable":true,"href":"https:\/\/grupotextil.es\/en\/wp-json\/wp\/v2\/media\/200293"}],"wp:attachment":[{"href":"https:\/\/grupotextil.es\/en\/wp-json\/wp\/v2\/media?parent=200292"}],"wp:term":[{"taxonomy":"product_brand","embeddable":true,"href":"https:\/\/grupotextil.es\/en\/wp-json\/wp\/v2\/product_brand?post=200292"},{"taxonomy":"product_cat","embeddable":true,"href":"https:\/\/grupotextil.es\/en\/wp-json\/wp\/v2\/product_cat?post=200292"},{"taxonomy":"product_tag","embeddable":true,"href":"https:\/\/grupotextil.es\/en\/wp-json\/wp\/v2\/product_tag?post=200292"}],"curies":[{"name":"wp","href":"https:\/\/api.w.org\/{rel}","templated":true}]}}