{"id":200553,"date":"2026-03-04T00:12:06","date_gmt":"2026-03-03T23:12:06","guid":{"rendered":"https:\/\/grupotextil.es\/producto\/camiseta-roly-monaco-6401-unisex\/"},"modified":"2026-03-10T01:58:40","modified_gmt":"2026-03-10T00:58:40","slug":"camiseta-roly-monaco-6401-unisex","status":"publish","type":"product","link":"https:\/\/grupotextil.es\/en\/product\/camiseta-roly-monaco-6401-unisex\/","title":{"rendered":"Camiseta Roly Monaco 6401 Unisex"},"content":{"rendered":"<p>Camiseta t\u00e9cnica de manga rangl\u00e1n unisex. Combinaci\u00f3n de dos tejidos, frontal interlock y espalda rejilla 3D, ofrece un rendimiento vers\u00e1til y suave. Cubre costuras de refuerzo a contraste en color amarillo fl\u00faor. Bajo espalda ligeramente m\u00e1s largo que el delantero.<\/p>","protected":false},"excerpt":{"rendered":"<p>Camiseta t\u00e9cnica de manga rangl\u00e1n unisex. Combinaci\u00f3n de dos tejidos, frontal interlock y espalda rejilla 3D, ofrece un rendimiento vers\u00e1til y suave. Cubre costuras de refuerzo a contraste en color amarillo fl\u00faor. Bajo espalda ligeramente m\u00e1s largo que el delantero.<\/p>","protected":false},"featured_media":200554,"comment_status":"open","ping_status":"closed","template":"","meta":{"_acf_changed":false},"product_brand":[14011],"product_cat":[13931,13977,14004,13939,13974,13930,13973],"product_tag":[],"class_list":{"0":"post-200553","1":"product","2":"type-product","3":"status-publish","4":"has-post-thumbnail","6":"product_brand-roly","7":"product_cat-rl-alta-visibilidad","8":"product_cat-h-camisetas-manga-corta","9":"product_cat-rd-camisetas-tecnicas","10":"product_cat-deportivo","11":"product_cat-ropa-hombre","12":"product_cat-laboral","13":"product_cat-ropa","14":"tm-no-options","16":"first","17":"instock","18":"taxable","19":"shipping-taxable","20":"product-type-variable"},"acf":[],"_links":{"self":[{"href":"https:\/\/grupotextil.es\/en\/wp-json\/wp\/v2\/product\/200553","targetHints":{"allow":["GET"]}}],"collection":[{"href":"https:\/\/grupotextil.es\/en\/wp-json\/wp\/v2\/product"}],"about":[{"href":"https:\/\/grupotextil.es\/en\/wp-json\/wp\/v2\/types\/product"}],"replies":[{"embeddable":true,"href":"https:\/\/grupotextil.es\/en\/wp-json\/wp\/v2\/comments?post=200553"}],"wp:featuredmedia":[{"embeddable":true,"href":"https:\/\/grupotextil.es\/en\/wp-json\/wp\/v2\/media\/200554"}],"wp:attachment":[{"href":"https:\/\/grupotextil.es\/en\/wp-json\/wp\/v2\/media?parent=200553"}],"wp:term":[{"taxonomy":"product_brand","embeddable":true,"href":"https:\/\/grupotextil.es\/en\/wp-json\/wp\/v2\/product_brand?post=200553"},{"taxonomy":"product_cat","embeddable":true,"href":"https:\/\/grupotextil.es\/en\/wp-json\/wp\/v2\/product_cat?post=200553"},{"taxonomy":"product_tag","embeddable":true,"href":"https:\/\/grupotextil.es\/en\/wp-json\/wp\/v2\/product_tag?post=200553"}],"curies":[{"name":"wp","href":"https:\/\/api.w.org\/{rel}","templated":true}]}}