{"id":201613,"date":"2026-03-04T00:17:25","date_gmt":"2026-03-03T23:17:25","guid":{"rendered":"https:\/\/grupotextil.es\/producto\/camiseta-roly-avus-6658-mujer\/"},"modified":"2026-03-10T01:59:14","modified_gmt":"2026-03-10T00:59:14","slug":"camiseta-roly-avus-6658-mujer","status":"publish","type":"product","link":"https:\/\/grupotextil.es\/en\/product\/camiseta-roly-avus-6658-mujer\/","title":{"rendered":"Camiseta Roly Avus 6658 Mujer"},"content":{"rendered":"<p>Camiseta t\u00e9cnica multi-deporte de mujer manga corta estilo manga ranglan. Cuello pico. Tejido poli\u00e9ster con tacto algod\u00f3n. Corte entallado.<\/p>","protected":false},"excerpt":{"rendered":"<p>Camiseta t\u00e9cnica multi-deporte de mujer manga corta estilo manga ranglan. Cuello pico. Tejido poli\u00e9ster con tacto algod\u00f3n. Corte entallado.<\/p>","protected":false},"featured_media":201614,"comment_status":"open","ping_status":"closed","template":"","meta":{"_acf_changed":false},"product_brand":[14011],"product_cat":[13931,13986,14004,13939,13930,13975,13973],"product_tag":[],"class_list":{"0":"post-201613","1":"product","2":"type-product","3":"status-publish","4":"has-post-thumbnail","6":"product_brand-roly","7":"product_cat-rl-alta-visibilidad","8":"product_cat-m-camisetas-manga-corta","9":"product_cat-rd-camisetas-tecnicas","10":"product_cat-deportivo","11":"product_cat-laboral","12":"product_cat-ropa-mujer","13":"product_cat-ropa","14":"tm-no-options","16":"first","17":"instock","18":"taxable","19":"shipping-taxable","20":"product-type-variable"},"acf":[],"_links":{"self":[{"href":"https:\/\/grupotextil.es\/en\/wp-json\/wp\/v2\/product\/201613","targetHints":{"allow":["GET"]}}],"collection":[{"href":"https:\/\/grupotextil.es\/en\/wp-json\/wp\/v2\/product"}],"about":[{"href":"https:\/\/grupotextil.es\/en\/wp-json\/wp\/v2\/types\/product"}],"replies":[{"embeddable":true,"href":"https:\/\/grupotextil.es\/en\/wp-json\/wp\/v2\/comments?post=201613"}],"wp:featuredmedia":[{"embeddable":true,"href":"https:\/\/grupotextil.es\/en\/wp-json\/wp\/v2\/media\/201614"}],"wp:attachment":[{"href":"https:\/\/grupotextil.es\/en\/wp-json\/wp\/v2\/media?parent=201613"}],"wp:term":[{"taxonomy":"product_brand","embeddable":true,"href":"https:\/\/grupotextil.es\/en\/wp-json\/wp\/v2\/product_brand?post=201613"},{"taxonomy":"product_cat","embeddable":true,"href":"https:\/\/grupotextil.es\/en\/wp-json\/wp\/v2\/product_cat?post=201613"},{"taxonomy":"product_tag","embeddable":true,"href":"https:\/\/grupotextil.es\/en\/wp-json\/wp\/v2\/product_tag?post=201613"}],"curies":[{"name":"wp","href":"https:\/\/api.w.org\/{rel}","templated":true}]}}