{"id":202008,"date":"2026-03-04T00:19:50","date_gmt":"2026-03-03T23:19:50","guid":{"rendered":"https:\/\/grupotextil.es\/producto\/camiseta-termica-roly-prime-0365-hombre-manga-larga\/"},"modified":"2026-03-10T01:58:38","modified_gmt":"2026-03-10T00:58:38","slug":"camiseta-termica-roly-prime-0365-hombre-manga-larga","status":"publish","type":"product","link":"https:\/\/grupotextil.es\/en\/product\/camiseta-termica-roly-prime-0365-hombre-manga-larga\/","title":{"rendered":"Camiseta T\u00e9rmica Roly Prime 0365 Hombre Manga Larga"},"content":{"rendered":"<p>Camiseta t\u00e9rmica profesional con tejido reforzado. Cuello redondo a la caja. Dise\u00f1o anat\u00f3mico extraconfortable. Ligera y transpirable.<\/p>","protected":false},"excerpt":{"rendered":"<p>Camiseta t\u00e9rmica profesional con tejido reforzado. Cuello redondo a la caja. Dise\u00f1o anat\u00f3mico extraconfortable. Ligera y transpirable.<\/p>","protected":false},"featured_media":202009,"comment_status":"open","ping_status":"closed","template":"","meta":{"_acf_changed":false},"product_brand":[14011],"product_cat":[13931,13978,14004,13939,13974,13930,13973],"product_tag":[],"class_list":{"0":"post-202008","1":"product","2":"type-product","3":"status-publish","4":"has-post-thumbnail","6":"product_brand-roly","7":"product_cat-rl-alta-visibilidad","8":"product_cat-h-camisetas-manga-larga","9":"product_cat-rd-camisetas-tecnicas","10":"product_cat-deportivo","11":"product_cat-ropa-hombre","12":"product_cat-laboral","13":"product_cat-ropa","14":"tm-no-options","16":"first","17":"instock","18":"taxable","19":"shipping-taxable","20":"product-type-variable"},"acf":[],"_links":{"self":[{"href":"https:\/\/grupotextil.es\/en\/wp-json\/wp\/v2\/product\/202008","targetHints":{"allow":["GET"]}}],"collection":[{"href":"https:\/\/grupotextil.es\/en\/wp-json\/wp\/v2\/product"}],"about":[{"href":"https:\/\/grupotextil.es\/en\/wp-json\/wp\/v2\/types\/product"}],"replies":[{"embeddable":true,"href":"https:\/\/grupotextil.es\/en\/wp-json\/wp\/v2\/comments?post=202008"}],"wp:featuredmedia":[{"embeddable":true,"href":"https:\/\/grupotextil.es\/en\/wp-json\/wp\/v2\/media\/202009"}],"wp:attachment":[{"href":"https:\/\/grupotextil.es\/en\/wp-json\/wp\/v2\/media?parent=202008"}],"wp:term":[{"taxonomy":"product_brand","embeddable":true,"href":"https:\/\/grupotextil.es\/en\/wp-json\/wp\/v2\/product_brand?post=202008"},{"taxonomy":"product_cat","embeddable":true,"href":"https:\/\/grupotextil.es\/en\/wp-json\/wp\/v2\/product_cat?post=202008"},{"taxonomy":"product_tag","embeddable":true,"href":"https:\/\/grupotextil.es\/en\/wp-json\/wp\/v2\/product_tag?post=202008"}],"curies":[{"name":"wp","href":"https:\/\/api.w.org\/{rel}","templated":true}]}}