{"id":202309,"date":"2026-03-04T00:21:43","date_gmt":"2026-03-03T23:21:43","guid":{"rendered":"https:\/\/grupotextil.es\/producto\/chaqueta-roly-yukon-1108-hombre\/"},"modified":"2026-03-10T01:58:36","modified_gmt":"2026-03-10T00:58:36","slug":"chaqueta-roly-yukon-1108-hombre","status":"publish","type":"product","link":"https:\/\/grupotextil.es\/en\/product\/chaqueta-roly-yukon-1108-hombre\/","title":{"rendered":"Chaqueta Roly Yukon 1108 Hombre"},"content":{"rendered":"<p>Chaqueta acolchada impermeable. Cuello alto con interior forrado en micropolar. \u00b7 Cremallera central inyectada al tono con protector de barbilla y tirador. Un bolsillo en el pecho y dos laterales con cremallera y solapa. Pu\u00f1os ajustables en canal\u00e9 1\u00d71. Acceso interior para marcaje.<\/p>","protected":false},"excerpt":{"rendered":"<p>Chaqueta acolchada impermeable. Cuello alto con interior forrado en micropolar. \u00b7 Cremallera central inyectada al tono con protector de barbilla y tirador. Un bolsillo en el pecho y dos laterales con cremallera y solapa. Pu\u00f1os ajustables en canal\u00e9 1\u00d71. Acceso interior para marcaje.<\/p>","protected":false},"featured_media":202310,"comment_status":"open","ping_status":"closed","template":"","meta":{"_acf_changed":false},"product_brand":[14011],"product_cat":[13981,13974,13973],"product_tag":[],"class_list":{"0":"post-202309","1":"product","2":"type-product","3":"status-publish","4":"has-post-thumbnail","6":"product_brand-roly","7":"product_cat-h-chaquetas-y-abrigos","8":"product_cat-ropa-hombre","9":"product_cat-ropa","10":"tm-no-options","12":"first","13":"instock","14":"taxable","15":"shipping-taxable","16":"product-type-variable"},"acf":[],"_links":{"self":[{"href":"https:\/\/grupotextil.es\/en\/wp-json\/wp\/v2\/product\/202309","targetHints":{"allow":["GET"]}}],"collection":[{"href":"https:\/\/grupotextil.es\/en\/wp-json\/wp\/v2\/product"}],"about":[{"href":"https:\/\/grupotextil.es\/en\/wp-json\/wp\/v2\/types\/product"}],"replies":[{"embeddable":true,"href":"https:\/\/grupotextil.es\/en\/wp-json\/wp\/v2\/comments?post=202309"}],"wp:featuredmedia":[{"embeddable":true,"href":"https:\/\/grupotextil.es\/en\/wp-json\/wp\/v2\/media\/202310"}],"wp:attachment":[{"href":"https:\/\/grupotextil.es\/en\/wp-json\/wp\/v2\/media?parent=202309"}],"wp:term":[{"taxonomy":"product_brand","embeddable":true,"href":"https:\/\/grupotextil.es\/en\/wp-json\/wp\/v2\/product_brand?post=202309"},{"taxonomy":"product_cat","embeddable":true,"href":"https:\/\/grupotextil.es\/en\/wp-json\/wp\/v2\/product_cat?post=202309"},{"taxonomy":"product_tag","embeddable":true,"href":"https:\/\/grupotextil.es\/en\/wp-json\/wp\/v2\/product_tag?post=202309"}],"curies":[{"name":"wp","href":"https:\/\/api.w.org\/{rel}","templated":true}]}}