{"id":202512,"date":"2026-03-04T00:23:17","date_gmt":"2026-03-03T23:23:17","guid":{"rendered":"https:\/\/grupotextil.es\/producto\/malla-roly-bristol-0406-hombre\/"},"modified":"2026-03-10T01:58:36","modified_gmt":"2026-03-10T00:58:36","slug":"malla-roly-bristol-0406-hombre","status":"publish","type":"product","link":"https:\/\/grupotextil.es\/en\/product\/malla-roly-bristol-0406-hombre\/","title":{"rendered":"Malla Roly Bristol 0406 Hombre"},"content":{"rendered":"<p>Malla larga deportiva transpirable para hombre con cinturilla el\u00e1stica y cord\u00f3n interior cruzado para facilitar ajuste. Detalles reflectantes. Bolsillo exterior trasero con cremallera. Tejido el\u00e1stico y adaptable al cuerpo.<\/p>","protected":false},"excerpt":{"rendered":"<p>Malla larga deportiva transpirable para hombre con cinturilla el\u00e1stica y cord\u00f3n interior cruzado para facilitar ajuste. Detalles reflectantes. Bolsillo exterior trasero con cremallera. Tejido el\u00e1stico y adaptable al cuerpo.<\/p>","protected":false},"featured_media":202513,"comment_status":"open","ping_status":"closed","template":"","meta":{"_acf_changed":false},"product_brand":[14011],"product_cat":[13939,13968],"product_tag":[],"class_list":{"0":"post-202512","1":"product","2":"type-product","3":"status-publish","4":"has-post-thumbnail","6":"product_brand-roly","7":"product_cat-deportivo","8":"product_cat-rd-mallas-y-leggings","9":"tm-no-options","11":"first","12":"instock","13":"taxable","14":"shipping-taxable","15":"product-type-variable"},"acf":[],"_links":{"self":[{"href":"https:\/\/grupotextil.es\/en\/wp-json\/wp\/v2\/product\/202512","targetHints":{"allow":["GET"]}}],"collection":[{"href":"https:\/\/grupotextil.es\/en\/wp-json\/wp\/v2\/product"}],"about":[{"href":"https:\/\/grupotextil.es\/en\/wp-json\/wp\/v2\/types\/product"}],"replies":[{"embeddable":true,"href":"https:\/\/grupotextil.es\/en\/wp-json\/wp\/v2\/comments?post=202512"}],"wp:featuredmedia":[{"embeddable":true,"href":"https:\/\/grupotextil.es\/en\/wp-json\/wp\/v2\/media\/202513"}],"wp:attachment":[{"href":"https:\/\/grupotextil.es\/en\/wp-json\/wp\/v2\/media?parent=202512"}],"wp:term":[{"taxonomy":"product_brand","embeddable":true,"href":"https:\/\/grupotextil.es\/en\/wp-json\/wp\/v2\/product_brand?post=202512"},{"taxonomy":"product_cat","embeddable":true,"href":"https:\/\/grupotextil.es\/en\/wp-json\/wp\/v2\/product_cat?post=202512"},{"taxonomy":"product_tag","embeddable":true,"href":"https:\/\/grupotextil.es\/en\/wp-json\/wp\/v2\/product_tag?post=202512"}],"curies":[{"name":"wp","href":"https:\/\/api.w.org\/{rel}","templated":true}]}}