{"id":202526,"date":"2026-03-04T00:23:32","date_gmt":"2026-03-03T23:23:32","guid":{"rendered":"https:\/\/grupotextil.es\/producto\/malla-deportiva-roly-adelaida-0459-mujer\/"},"modified":"2026-03-10T01:59:14","modified_gmt":"2026-03-10T00:59:14","slug":"malla-deportiva-roly-adelaida-0459-mujer","status":"publish","type":"product","link":"https:\/\/grupotextil.es\/en\/product\/malla-deportiva-roly-adelaida-0459-mujer\/","title":{"rendered":"Malla Deportiva Roly Adelaida 0459 Mujer"},"content":{"rendered":"<p>Malla larga t\u00e9cnica para mujer con cinturilla el\u00e1stica y cord\u00f3n interior cruzado para facilitar ajuste. Detalles reflectantes. Bolsillo interior delantero. Tejido el\u00e1stico y adaptable al cuerpo.<\/p>","protected":false},"excerpt":{"rendered":"<p>Malla larga t\u00e9cnica para mujer con cinturilla el\u00e1stica y cord\u00f3n interior cruzado para facilitar ajuste. Detalles reflectantes. Bolsillo interior delantero. Tejido el\u00e1stico y adaptable al cuerpo.<\/p>","protected":false},"featured_media":202527,"comment_status":"open","ping_status":"closed","template":"","meta":{"_acf_changed":false},"product_brand":[14011],"product_cat":[13939,13968],"product_tag":[],"class_list":{"0":"post-202526","1":"product","2":"type-product","3":"status-publish","4":"has-post-thumbnail","6":"product_brand-roly","7":"product_cat-deportivo","8":"product_cat-rd-mallas-y-leggings","9":"tm-no-options","11":"first","12":"instock","13":"taxable","14":"shipping-taxable","15":"product-type-variable"},"acf":[],"_links":{"self":[{"href":"https:\/\/grupotextil.es\/en\/wp-json\/wp\/v2\/product\/202526","targetHints":{"allow":["GET"]}}],"collection":[{"href":"https:\/\/grupotextil.es\/en\/wp-json\/wp\/v2\/product"}],"about":[{"href":"https:\/\/grupotextil.es\/en\/wp-json\/wp\/v2\/types\/product"}],"replies":[{"embeddable":true,"href":"https:\/\/grupotextil.es\/en\/wp-json\/wp\/v2\/comments?post=202526"}],"wp:featuredmedia":[{"embeddable":true,"href":"https:\/\/grupotextil.es\/en\/wp-json\/wp\/v2\/media\/202527"}],"wp:attachment":[{"href":"https:\/\/grupotextil.es\/en\/wp-json\/wp\/v2\/media?parent=202526"}],"wp:term":[{"taxonomy":"product_brand","embeddable":true,"href":"https:\/\/grupotextil.es\/en\/wp-json\/wp\/v2\/product_brand?post=202526"},{"taxonomy":"product_cat","embeddable":true,"href":"https:\/\/grupotextil.es\/en\/wp-json\/wp\/v2\/product_cat?post=202526"},{"taxonomy":"product_tag","embeddable":true,"href":"https:\/\/grupotextil.es\/en\/wp-json\/wp\/v2\/product_tag?post=202526"}],"curies":[{"name":"wp","href":"https:\/\/api.w.org\/{rel}","templated":true}]}}